{"id":5,"date":"2019-05-15T12:49:51","date_gmt":"2019-05-15T09:49:51","guid":{"rendered":"http:\/\/avakaryapi.com\/?page_id=5"},"modified":"2023-04-29T18:31:01","modified_gmt":"2023-04-29T15:31:01","slug":"ana-sayfa","status":"publish","type":"page","link":"https:\/\/avakaryapi.com\/","title":{"rendered":"Ana sayfa"},"content":{"rendered":"\n<p><\/p>\n\n\n<p>Al\u00e7\u0131 ve dekorasyon sekt\u00f6r\u00fcnde sizlerle birlikte markala\u015fma yolunda \u00e7ok mesafeler katettik. Yeni bir katalogla, yeni \u00fcr\u00fcnlerimizle ve yeni bir yakla\u015f\u0131mla huzurunuzday\u0131z.<\/p>\n<p>Avakar [Kartonpiyer Katalo\u011fu] markas\u0131 g\u00fcc\u00fcn\u00fc sizden almaktad\u0131r. KAR YAPI \u015firket olarak b\u00fcnyesinde \u00e7al\u0131\u015fanlar\u0131, \u015firket y\u00f6netimi ve sanat dan\u0131\u015fmanlar\u0131 ile kartonpiyer ve di\u011fer al\u00e7\u0131 \u00fcr\u00fcnlerinde \u00f6zg\u00fcn tasar\u0131mlar ve yeni modeller sekt\u00f6re kazand\u0131rmaya devam etmektedir.<\/p>\n<p>KARYAPI GRUP b\u00fcnyesinde;<br>-Tasar\u0131m At\u00f6lyesi,<br>-Kartonpiyer imalathanesi,<br>-Toptan ve Parakende sat\u0131\u015f deposu,<br>-Showroom (decoration center) bulunmaktad\u0131r.<\/p>\n<p>M\u00fc\u015fteri sipari\u015fi ile ba\u015flayan i\u015f ak\u0131\u015f\u0131, tasar\u0131m at\u00f6lyesinde \u015fekillenir, uygulama at\u00f6lyesinde \u00fcretime d\u00f6n\u00fc\u015f\u00fcr ve m\u00fc\u015fteriye ula\u015ft\u0131r\u0131l\u0131r.<\/p>\n\n\n<figure class=\"wp-block-gallery has-nested-images columns-1 is-cropped wp-block-gallery-1 is-layout-flex\">\n<figure class=\"wp-block-image\"><img decoding=\"async\" loading=\"lazy\" width=\"866\" height=\"510\" data-id=\"561\"  src=\"http:\/\/avakaryapi.com\/wp-content\/uploads\/KARTONPIYER-DEPO.jpg\" alt=\"\" class=\"wp-image-561\" srcset=\"https:\/\/avakaryapi.com\/wp-content\/uploads\/KARTONPIYER-DEPO.jpg 866w, https:\/\/avakaryapi.com\/wp-content\/uploads\/KARTONPIYER-DEPO-300x177.jpg 300w, https:\/\/avakaryapi.com\/wp-content\/uploads\/KARTONPIYER-DEPO-768x452.jpg 768w\" sizes=\"(max-width: 767px) 89vw, (max-width: 1000px) 54vw, (max-width: 1071px) 543px, 580px\" \/><\/figure>\n\n\n\n<figure class=\"wp-block-image\"><img decoding=\"async\" loading=\"lazy\" width=\"866\" height=\"510\" data-id=\"562\"  src=\"http:\/\/avakaryapi.com\/wp-content\/uploads\/KARTONPIYER-IMALAT.jpg\" alt=\"\" class=\"wp-image-562\" srcset=\"https:\/\/avakaryapi.com\/wp-content\/uploads\/KARTONPIYER-IMALAT.jpg 866w, https:\/\/avakaryapi.com\/wp-content\/uploads\/KARTONPIYER-IMALAT-300x177.jpg 300w, https:\/\/avakaryapi.com\/wp-content\/uploads\/KARTONPIYER-IMALAT-768x452.jpg 768w\" sizes=\"(max-width: 767px) 89vw, (max-width: 1000px) 54vw, (max-width: 1071px) 543px, 580px\" \/><\/figure>\n\n\n\n<figure class=\"wp-block-image\"><img decoding=\"async\" loading=\"lazy\" width=\"878\" height=\"510\" data-id=\"563\"  src=\"http:\/\/avakaryapi.com\/wp-content\/uploads\/MAGAZA.jpg\" alt=\"\" class=\"wp-image-563\" srcset=\"https:\/\/avakaryapi.com\/wp-content\/uploads\/MAGAZA.jpg 878w, https:\/\/avakaryapi.com\/wp-content\/uploads\/MAGAZA-300x174.jpg 300w, https:\/\/avakaryapi.com\/wp-content\/uploads\/MAGAZA-768x446.jpg 768w\" sizes=\"(max-width: 767px) 89vw, (max-width: 1000px) 54vw, (max-width: 1071px) 543px, 580px\" \/><\/figure>\n\n\n\n<figure class=\"wp-block-image\"><img decoding=\"async\" loading=\"lazy\" width=\"866\" height=\"510\" data-id=\"564\"  src=\"http:\/\/avakaryapi.com\/wp-content\/uploads\/NAKLIYE-ULASIM.jpg\" alt=\"\" class=\"wp-image-564\" srcset=\"https:\/\/avakaryapi.com\/wp-content\/uploads\/NAKLIYE-ULASIM.jpg 866w, https:\/\/avakaryapi.com\/wp-content\/uploads\/NAKLIYE-ULASIM-300x177.jpg 300w, https:\/\/avakaryapi.com\/wp-content\/uploads\/NAKLIYE-ULASIM-768x452.jpg 768w\" sizes=\"(max-width: 767px) 89vw, (max-width: 1000px) 54vw, (max-width: 1071px) 543px, 580px\" \/><\/figure>\n\n\n\n<figure class=\"wp-block-image\"><img decoding=\"async\" loading=\"lazy\" width=\"870\" height=\"510\" data-id=\"565\"  src=\"http:\/\/avakaryapi.com\/wp-content\/uploads\/PERAKENDE-SATIS.jpg\" alt=\"\" class=\"wp-image-565\" srcset=\"https:\/\/avakaryapi.com\/wp-content\/uploads\/PERAKENDE-SATIS.jpg 870w, https:\/\/avakaryapi.com\/wp-content\/uploads\/PERAKENDE-SATIS-300x176.jpg 300w, https:\/\/avakaryapi.com\/wp-content\/uploads\/PERAKENDE-SATIS-768x450.jpg 768w\" sizes=\"(max-width: 767px) 89vw, (max-width: 1000px) 54vw, (max-width: 1071px) 543px, 580px\" \/><\/figure>\n\n\n\n<figure class=\"wp-block-image\"><img decoding=\"async\" loading=\"lazy\" width=\"866\" height=\"510\" data-id=\"566\"  src=\"http:\/\/avakaryapi.com\/wp-content\/uploads\/SATIN-ALMA.jpg\" alt=\"\" class=\"wp-image-566\" srcset=\"https:\/\/avakaryapi.com\/wp-content\/uploads\/SATIN-ALMA.jpg 866w, https:\/\/avakaryapi.com\/wp-content\/uploads\/SATIN-ALMA-300x177.jpg 300w, https:\/\/avakaryapi.com\/wp-content\/uploads\/SATIN-ALMA-768x452.jpg 768w\" sizes=\"(max-width: 767px) 89vw, (max-width: 1000px) 54vw, (max-width: 1071px) 543px, 580px\" \/><\/figure>\n\n\n\n<figure class=\"wp-block-image\"><img decoding=\"async\" loading=\"lazy\" width=\"866\" height=\"510\" data-id=\"567\"  src=\"http:\/\/avakaryapi.com\/wp-content\/uploads\/TASARIM-ATOLYESI.jpg\" alt=\"\" class=\"wp-image-567\" srcset=\"https:\/\/avakaryapi.com\/wp-content\/uploads\/TASARIM-ATOLYESI.jpg 866w, https:\/\/avakaryapi.com\/wp-content\/uploads\/TASARIM-ATOLYESI-300x177.jpg 300w, https:\/\/avakaryapi.com\/wp-content\/uploads\/TASARIM-ATOLYESI-768x452.jpg 768w\" sizes=\"(max-width: 767px) 89vw, (max-width: 1000px) 54vw, (max-width: 1071px) 543px, 580px\" \/><\/figure>\n\n\n\n<figure class=\"wp-block-image\"><img decoding=\"async\" loading=\"lazy\" width=\"866\" height=\"510\" data-id=\"568\"  src=\"http:\/\/avakaryapi.com\/wp-content\/uploads\/TASARIM-IMALAT.jpg\" alt=\"\" class=\"wp-image-568\" srcset=\"https:\/\/avakaryapi.com\/wp-content\/uploads\/TASARIM-IMALAT.jpg 866w, https:\/\/avakaryapi.com\/wp-content\/uploads\/TASARIM-IMALAT-300x177.jpg 300w, https:\/\/avakaryapi.com\/wp-content\/uploads\/TASARIM-IMALAT-768x452.jpg 768w\" sizes=\"(max-width: 767px) 89vw, (max-width: 1000px) 54vw, (max-width: 1071px) 543px, 580px\" \/><\/figure>\n\n\n\n<figure class=\"wp-block-image\"><img decoding=\"async\" loading=\"lazy\" width=\"866\" height=\"510\" data-id=\"569\"  src=\"http:\/\/avakaryapi.com\/wp-content\/uploads\/TOPTAN-SATIS.jpg\" alt=\"\" class=\"wp-image-569\" srcset=\"https:\/\/avakaryapi.com\/wp-content\/uploads\/TOPTAN-SATIS.jpg 866w, https:\/\/avakaryapi.com\/wp-content\/uploads\/TOPTAN-SATIS-300x177.jpg 300w, https:\/\/avakaryapi.com\/wp-content\/uploads\/TOPTAN-SATIS-768x452.jpg 768w\" sizes=\"(max-width: 767px) 89vw, (max-width: 1000px) 54vw, (max-width: 1071px) 543px, 580px\" \/><\/figure>\n\n\n\n<figure class=\"wp-block-image\"><img decoding=\"async\" loading=\"lazy\" width=\"866\" height=\"510\" data-id=\"570\"  src=\"http:\/\/avakaryapi.com\/wp-content\/uploads\/YONETIM.jpg\" alt=\"\" class=\"wp-image-570\" srcset=\"https:\/\/avakaryapi.com\/wp-content\/uploads\/YONETIM.jpg 866w, https:\/\/avakaryapi.com\/wp-content\/uploads\/YONETIM-300x177.jpg 300w, https:\/\/avakaryapi.com\/wp-content\/uploads\/YONETIM-768x452.jpg 768w\" sizes=\"(max-width: 767px) 89vw, (max-width: 1000px) 54vw, (max-width: 1071px) 543px, 580px\" \/><\/figure>\n<\/figure>\n","protected":false},"excerpt":{"rendered":"<p>Al\u00e7\u0131 ve dekorasyon sekt\u00f6r\u00fcnde sizlerle birlikte markala\u015fma yolunda \u00e7ok mesafeler katettik. Yeni bir katalogla, yeni \u00fcr\u00fcnlerimizle ve yeni bir yakla\u015f\u0131mla huzurunuzday\u0131z. Avakar [Kartonpiyer Katalo\u011fu] markas\u0131 g\u00fcc\u00fcn\u00fc sizden almaktad\u0131r. KAR YAPI \u015firket olarak b\u00fcnyesinde \u00e7al\u0131\u015fanlar\u0131, \u015firket y\u00f6netimi ve sanat dan\u0131\u015fmanlar\u0131 ile kartonpiyer ve di\u011fer al\u00e7\u0131 \u00fcr\u00fcnlerinde \u00f6zg\u00fcn tasar\u0131mlar ve yeni modeller sekt\u00f6re kazand\u0131rmaya devam etmektedir. KARYAPI &hellip; <\/p>\n<p class=\"link-more\"><a href=\"https:\/\/avakaryapi.com\/\" class=\"more-link\">Okumaya devam et<span class=\"screen-reader-text\"> &#8220;Ana sayfa&#8221;<\/span><\/a><\/p>\n","protected":false},"author":1,"featured_media":0,"parent":0,"menu_order":0,"comment_status":"closed","ping_status":"closed","template":"","meta":[],"_links":{"self":[{"href":"https:\/\/avakaryapi.com\/index.php\/wp-json\/wp\/v2\/pages\/5"}],"collection":[{"href":"https:\/\/avakaryapi.com\/index.php\/wp-json\/wp\/v2\/pages"}],"about":[{"href":"https:\/\/avakaryapi.com\/index.php\/wp-json\/wp\/v2\/types\/page"}],"author":[{"embeddable":true,"href":"https:\/\/avakaryapi.com\/index.php\/wp-json\/wp\/v2\/users\/1"}],"replies":[{"embeddable":true,"href":"https:\/\/avakaryapi.com\/index.php\/wp-json\/wp\/v2\/comments?post=5"}],"version-history":[{"count":3,"href":"https:\/\/avakaryapi.com\/index.php\/wp-json\/wp\/v2\/pages\/5\/revisions"}],"predecessor-version":[{"id":571,"href":"https:\/\/avakaryapi.com\/index.php\/wp-json\/wp\/v2\/pages\/5\/revisions\/571"}],"wp:attachment":[{"href":"https:\/\/avakaryapi.com\/index.php\/wp-json\/wp\/v2\/media?parent=5"}],"curies":[{"name":"wp","href":"https:\/\/api.w.org\/{rel}","templated":true}]}}