{"id":39,"date":"2019-05-16T17:23:21","date_gmt":"2019-05-16T14:23:21","guid":{"rendered":"http:\/\/avakaryapi.com\/?page_id=39"},"modified":"2023-04-29T18:42:20","modified_gmt":"2023-04-29T15:42:20","slug":"hakkimizda","status":"publish","type":"page","link":"https:\/\/avakaryapi.com\/index.php\/hakkimizda\/","title":{"rendered":"Hakk\u0131m\u0131zda"},"content":{"rendered":"\n<h2 class=\"wp-block-heading\">&#8220;&#8221;KAL\u0130TEDEK\u0130 L\u0130DERL\u0130\u011e\u0130M\u0130Z\u0130 S\u00dcRD\u00dcRMEK <br> ANA HEDEF\u0130M\u0130ZD\u0130R.&#8221;<br> K\u0131sa ve uzun vadeli ak\u0131lc\u0131 ve d\u00fcr\u00fcst politikalar uygulayarak KAR YAPI&#8217;n\u0131n sekt\u00f6rdeki iyi ismini ve ge\u00e7mi\u015fini de dikkate alarak, \u015firketin kararl\u0131, ekonomik ve dinamik yap\u0131s\u0131n\u0131 her ge\u00e7en g\u00fcn daha ileriye g\u00f6t\u00fcrmek ve \u015firketimize olan g\u00fcven duygusunu daha da artt\u0131rmak temel d\u00fc\u015f\u00fcncelerimizdendir. Bu hedefe ula\u015fmak \u00fczere faaliyet g\u00f6sterilen alanlarda y\u00f6netimi \u00fcstlenmek ve piyasaya lider olmak temel ilkemizdir. \u00dcr\u00fcnlerimizin ve \u00fcretim s\u00fcre\u00e7lerimizin en y\u00fcksek niteli\u011fe, verimlili\u011fe ve etkinli\u011fe ula\u015fmas\u0131 i\u00e7in \u00e7al\u0131\u015fmak, ilgili teknik ve kalite standartlar\u0131na uygun olarak \u00fcretim yapmak esas amac\u0131m\u0131zd\u0131r.<br> &#8220;EN \u00d6NEML\u0130 SERMAYEM\u0130Z, \u0130NSAN KAYNA\u011eIMIZDIR&#8221;<br> \u00dcr\u00fcnlerimizin kalitesi \u00e7al\u0131\u015fanlar\u0131m\u0131z\u0131n ve i\u015f ortaklar\u0131m\u0131z\u0131n kalitesiyle ba\u015flar. \u0130nsan\u0131m\u0131z\u0131n yeteneklerinden, g\u00fcc\u00fcnden ve yarat\u0131c\u0131l\u0131\u011f\u0131ndan azami fayda sa\u011flamak; verimliliklerini art\u0131rmak, i\u015fbirli\u011fi ve dayan\u0131\u015fman\u0131n ye\u015ferdi\u011fi bir \u00e7al\u0131\u015fma ortam\u0131 sa\u011flamak, KAR YAPI&#8217;n\u0131n ku\u015faklar boyu devaml\u0131l\u0131\u011f\u0131n\u0131 sa\u011flamak se\u00e7ti\u011fimiz yoldur. \u00c7al\u0131\u015fanlar\u0131m\u0131za y\u00f6nelik e\u011fitim ve geli\u015fim faaliyetlerinde bulunmak, \u00e7al\u0131\u015fanlar\u0131m\u0131z\u0131n hak, hukuk ve menfaatlerini korumak, \u00fcretim tesislerinde \u00e7al\u0131\u015fan sa\u011fl\u0131\u011f\u0131 ve i\u015f g\u00fcvenli\u011fini temel de\u011fer olarak kabul etmek \u00e7al\u0131\u015fanlar\u0131m\u0131z ile ilgili en \u00f6nemli ilkelerimizdendir. Ayr\u0131ca sekt\u00f6r\u00fcn nitelikli insan kaynaklar\u0131 ile donat\u0131lmas\u0131na y\u00f6nelik giri\u015fimler ile akademik d\u00fcnyan\u0131n bu do\u011frultudaki faaliyetlerini desteklemek de firmam\u0131z i\u00e7in \u00e7ok \u00f6nemlidir.<\/h2>\n\n\n\n<figure class=\"wp-block-gallery has-nested-images columns-default is-cropped wp-block-gallery-1 is-layout-flex\">\n<figure class=\"wp-block-image size-large\"><img decoding=\"async\" loading=\"lazy\" width=\"1024\" height=\"768\" data-id=\"573\"  src=\"http:\/\/avakaryapi.com\/wp-content\/uploads\/DSC00020-1024x768.jpg\" alt=\"\" class=\"wp-image-573\" srcset=\"https:\/\/avakaryapi.com\/wp-content\/uploads\/DSC00020-1024x768.jpg 1024w, https:\/\/avakaryapi.com\/wp-content\/uploads\/DSC00020-300x225.jpg 300w, https:\/\/avakaryapi.com\/wp-content\/uploads\/DSC00020-768x576.jpg 768w, https:\/\/avakaryapi.com\/wp-content\/uploads\/DSC00020-1536x1152.jpg 1536w, https:\/\/avakaryapi.com\/wp-content\/uploads\/DSC00020-2048x1536.jpg 2048w\" sizes=\"(max-width: 767px) 89vw, (max-width: 1000px) 54vw, (max-width: 1071px) 543px, 580px\" \/><\/figure>\n\n\n\n<figure class=\"wp-block-image size-large\"><img decoding=\"async\" loading=\"lazy\" width=\"1024\" height=\"768\" data-id=\"574\"  src=\"http:\/\/avakaryapi.com\/wp-content\/uploads\/DSC00468-1024x768.jpg\" alt=\"\" class=\"wp-image-574\" srcset=\"https:\/\/avakaryapi.com\/wp-content\/uploads\/DSC00468-1024x768.jpg 1024w, https:\/\/avakaryapi.com\/wp-content\/uploads\/DSC00468-300x225.jpg 300w, https:\/\/avakaryapi.com\/wp-content\/uploads\/DSC00468-768x576.jpg 768w, https:\/\/avakaryapi.com\/wp-content\/uploads\/DSC00468-1536x1152.jpg 1536w, https:\/\/avakaryapi.com\/wp-content\/uploads\/DSC00468-2048x1536.jpg 2048w\" sizes=\"(max-width: 767px) 89vw, (max-width: 1000px) 54vw, (max-width: 1071px) 543px, 580px\" \/><\/figure>\n\n\n\n<figure class=\"wp-block-image size-large\"><img decoding=\"async\" loading=\"lazy\" width=\"1024\" height=\"768\" data-id=\"575\"  src=\"http:\/\/avakaryapi.com\/wp-content\/uploads\/DSC00980-1024x768.jpg\" alt=\"\" class=\"wp-image-575\" srcset=\"https:\/\/avakaryapi.com\/wp-content\/uploads\/DSC00980-1024x768.jpg 1024w, https:\/\/avakaryapi.com\/wp-content\/uploads\/DSC00980-300x225.jpg 300w, https:\/\/avakaryapi.com\/wp-content\/uploads\/DSC00980-768x576.jpg 768w, https:\/\/avakaryapi.com\/wp-content\/uploads\/DSC00980-1536x1152.jpg 1536w, https:\/\/avakaryapi.com\/wp-content\/uploads\/DSC00980-2048x1536.jpg 2048w\" sizes=\"(max-width: 767px) 89vw, (max-width: 1000px) 54vw, (max-width: 1071px) 543px, 580px\" \/><\/figure>\n\n\n\n<figure class=\"wp-block-image size-large\"><img decoding=\"async\" loading=\"lazy\" width=\"1024\" height=\"768\" data-id=\"576\"  src=\"http:\/\/avakaryapi.com\/wp-content\/uploads\/DSC01074-1024x768.jpg\" alt=\"\" class=\"wp-image-576\" srcset=\"https:\/\/avakaryapi.com\/wp-content\/uploads\/DSC01074-1024x768.jpg 1024w, https:\/\/avakaryapi.com\/wp-content\/uploads\/DSC01074-300x225.jpg 300w, https:\/\/avakaryapi.com\/wp-content\/uploads\/DSC01074-768x576.jpg 768w, https:\/\/avakaryapi.com\/wp-content\/uploads\/DSC01074-1536x1152.jpg 1536w, https:\/\/avakaryapi.com\/wp-content\/uploads\/DSC01074-2048x1536.jpg 2048w\" sizes=\"(max-width: 767px) 89vw, (max-width: 1000px) 54vw, (max-width: 1071px) 543px, 580px\" \/><\/figure>\n\n\n\n<figure class=\"wp-block-image size-large\"><img decoding=\"async\" loading=\"lazy\" width=\"1024\" height=\"768\" data-id=\"577\"  src=\"http:\/\/avakaryapi.com\/wp-content\/uploads\/DSC01123-1024x768.jpg\" alt=\"\" class=\"wp-image-577\" srcset=\"https:\/\/avakaryapi.com\/wp-content\/uploads\/DSC01123-1024x768.jpg 1024w, https:\/\/avakaryapi.com\/wp-content\/uploads\/DSC01123-300x225.jpg 300w, https:\/\/avakaryapi.com\/wp-content\/uploads\/DSC01123-768x576.jpg 768w, https:\/\/avakaryapi.com\/wp-content\/uploads\/DSC01123-1536x1152.jpg 1536w, https:\/\/avakaryapi.com\/wp-content\/uploads\/DSC01123-2048x1536.jpg 2048w\" sizes=\"(max-width: 767px) 89vw, (max-width: 1000px) 54vw, (max-width: 1071px) 543px, 580px\" \/><\/figure>\n\n\n\n<figure class=\"wp-block-image size-large\"><img decoding=\"async\" loading=\"lazy\" width=\"1024\" height=\"768\" data-id=\"578\"  src=\"http:\/\/avakaryapi.com\/wp-content\/uploads\/DSC01192-1024x768.jpg\" alt=\"\" class=\"wp-image-578\" srcset=\"https:\/\/avakaryapi.com\/wp-content\/uploads\/DSC01192-1024x768.jpg 1024w, https:\/\/avakaryapi.com\/wp-content\/uploads\/DSC01192-300x225.jpg 300w, https:\/\/avakaryapi.com\/wp-content\/uploads\/DSC01192-768x576.jpg 768w, https:\/\/avakaryapi.com\/wp-content\/uploads\/DSC01192-1536x1152.jpg 1536w, https:\/\/avakaryapi.com\/wp-content\/uploads\/DSC01192-2048x1536.jpg 2048w\" sizes=\"(max-width: 767px) 89vw, (max-width: 1000px) 54vw, (max-width: 1071px) 543px, 580px\" \/><\/figure>\n\n\n\n<figure class=\"wp-block-image size-large\"><img decoding=\"async\" loading=\"lazy\" width=\"1024\" height=\"768\" data-id=\"579\"  src=\"http:\/\/avakaryapi.com\/wp-content\/uploads\/DSC01195-1024x768.jpg\" alt=\"\" class=\"wp-image-579\" srcset=\"https:\/\/avakaryapi.com\/wp-content\/uploads\/DSC01195-1024x768.jpg 1024w, https:\/\/avakaryapi.com\/wp-content\/uploads\/DSC01195-300x225.jpg 300w, https:\/\/avakaryapi.com\/wp-content\/uploads\/DSC01195-768x576.jpg 768w, https:\/\/avakaryapi.com\/wp-content\/uploads\/DSC01195-1536x1152.jpg 1536w, https:\/\/avakaryapi.com\/wp-content\/uploads\/DSC01195-2048x1536.jpg 2048w\" sizes=\"(max-width: 767px) 89vw, (max-width: 1000px) 54vw, (max-width: 1071px) 543px, 580px\" \/><\/figure>\n\n\n\n<figure class=\"wp-block-image size-large\"><img decoding=\"async\" loading=\"lazy\" width=\"1024\" height=\"768\" data-id=\"580\"  src=\"http:\/\/avakaryapi.com\/wp-content\/uploads\/DSC01196-1024x768.jpg\" alt=\"\" class=\"wp-image-580\" srcset=\"https:\/\/avakaryapi.com\/wp-content\/uploads\/DSC01196-1024x768.jpg 1024w, https:\/\/avakaryapi.com\/wp-content\/uploads\/DSC01196-300x225.jpg 300w, https:\/\/avakaryapi.com\/wp-content\/uploads\/DSC01196-768x576.jpg 768w, https:\/\/avakaryapi.com\/wp-content\/uploads\/DSC01196-1536x1152.jpg 1536w, https:\/\/avakaryapi.com\/wp-content\/uploads\/DSC01196-2048x1536.jpg 2048w\" sizes=\"(max-width: 767px) 89vw, (max-width: 1000px) 54vw, (max-width: 1071px) 543px, 580px\" \/><\/figure>\n\n\n\n<figure class=\"wp-block-image size-large\"><img decoding=\"async\" loading=\"lazy\" width=\"1024\" height=\"768\" data-id=\"581\"  src=\"http:\/\/avakaryapi.com\/wp-content\/uploads\/DSC01197-1024x768.jpg\" alt=\"\" class=\"wp-image-581\" srcset=\"https:\/\/avakaryapi.com\/wp-content\/uploads\/DSC01197-1024x768.jpg 1024w, https:\/\/avakaryapi.com\/wp-content\/uploads\/DSC01197-300x225.jpg 300w, https:\/\/avakaryapi.com\/wp-content\/uploads\/DSC01197-768x576.jpg 768w, https:\/\/avakaryapi.com\/wp-content\/uploads\/DSC01197-1536x1152.jpg 1536w, https:\/\/avakaryapi.com\/wp-content\/uploads\/DSC01197-2048x1536.jpg 2048w\" sizes=\"(max-width: 767px) 89vw, (max-width: 1000px) 54vw, (max-width: 1071px) 543px, 580px\" \/><\/figure>\n\n\n\n<figure class=\"wp-block-image size-large\"><img decoding=\"async\" loading=\"lazy\" width=\"1024\" height=\"768\" data-id=\"582\"  src=\"http:\/\/avakaryapi.com\/wp-content\/uploads\/DSC01267-1024x768.jpg\" alt=\"\" class=\"wp-image-582\" srcset=\"https:\/\/avakaryapi.com\/wp-content\/uploads\/DSC01267-1024x768.jpg 1024w, https:\/\/avakaryapi.com\/wp-content\/uploads\/DSC01267-300x225.jpg 300w, https:\/\/avakaryapi.com\/wp-content\/uploads\/DSC01267-768x576.jpg 768w, https:\/\/avakaryapi.com\/wp-content\/uploads\/DSC01267-1536x1152.jpg 1536w, https:\/\/avakaryapi.com\/wp-content\/uploads\/DSC01267-2048x1536.jpg 2048w\" sizes=\"(max-width: 767px) 89vw, (max-width: 1000px) 54vw, (max-width: 1071px) 543px, 580px\" \/><\/figure>\n\n\n\n<figure class=\"wp-block-image size-large\"><img decoding=\"async\" loading=\"lazy\" width=\"1024\" height=\"768\" data-id=\"583\"  src=\"http:\/\/avakaryapi.com\/wp-content\/uploads\/DSC01271-1024x768.jpg\" alt=\"\" class=\"wp-image-583\" srcset=\"https:\/\/avakaryapi.com\/wp-content\/uploads\/DSC01271-1024x768.jpg 1024w, https:\/\/avakaryapi.com\/wp-content\/uploads\/DSC01271-300x225.jpg 300w, https:\/\/avakaryapi.com\/wp-content\/uploads\/DSC01271-768x576.jpg 768w, https:\/\/avakaryapi.com\/wp-content\/uploads\/DSC01271-1536x1152.jpg 1536w, https:\/\/avakaryapi.com\/wp-content\/uploads\/DSC01271-2048x1536.jpg 2048w\" sizes=\"(max-width: 767px) 89vw, (max-width: 1000px) 54vw, (max-width: 1071px) 543px, 580px\" \/><\/figure>\n\n\n\n<figure class=\"wp-block-image size-large\"><img decoding=\"async\" loading=\"lazy\" width=\"1024\" height=\"768\" data-id=\"584\"  src=\"http:\/\/avakaryapi.com\/wp-content\/uploads\/DSC04810-1024x768.jpg\" alt=\"\" class=\"wp-image-584\" srcset=\"https:\/\/avakaryapi.com\/wp-content\/uploads\/DSC04810-1024x768.jpg 1024w, https:\/\/avakaryapi.com\/wp-content\/uploads\/DSC04810-300x225.jpg 300w, https:\/\/avakaryapi.com\/wp-content\/uploads\/DSC04810-768x576.jpg 768w, https:\/\/avakaryapi.com\/wp-content\/uploads\/DSC04810-1536x1152.jpg 1536w, https:\/\/avakaryapi.com\/wp-content\/uploads\/DSC04810-2048x1536.jpg 2048w\" sizes=\"(max-width: 767px) 89vw, (max-width: 1000px) 54vw, (max-width: 1071px) 543px, 580px\" \/><\/figure>\n\n\n\n<figure class=\"wp-block-image size-large\"><img decoding=\"async\" loading=\"lazy\" width=\"1024\" height=\"768\" data-id=\"585\"  src=\"http:\/\/avakaryapi.com\/wp-content\/uploads\/DSC04853-1024x768.jpg\" alt=\"\" class=\"wp-image-585\" srcset=\"https:\/\/avakaryapi.com\/wp-content\/uploads\/DSC04853-1024x768.jpg 1024w, https:\/\/avakaryapi.com\/wp-content\/uploads\/DSC04853-300x225.jpg 300w, https:\/\/avakaryapi.com\/wp-content\/uploads\/DSC04853-768x576.jpg 768w, https:\/\/avakaryapi.com\/wp-content\/uploads\/DSC04853-1536x1152.jpg 1536w, https:\/\/avakaryapi.com\/wp-content\/uploads\/DSC04853-2048x1536.jpg 2048w\" sizes=\"(max-width: 767px) 89vw, (max-width: 1000px) 54vw, (max-width: 1071px) 543px, 580px\" \/><\/figure>\n\n\n\n<figure class=\"wp-block-image size-large\"><img decoding=\"async\" loading=\"lazy\" width=\"1024\" height=\"768\" data-id=\"586\"  src=\"http:\/\/avakaryapi.com\/wp-content\/uploads\/DSC04856-1024x768.jpg\" alt=\"\" class=\"wp-image-586\" srcset=\"https:\/\/avakaryapi.com\/wp-content\/uploads\/DSC04856-1024x768.jpg 1024w, https:\/\/avakaryapi.com\/wp-content\/uploads\/DSC04856-300x225.jpg 300w, https:\/\/avakaryapi.com\/wp-content\/uploads\/DSC04856-768x576.jpg 768w, https:\/\/avakaryapi.com\/wp-content\/uploads\/DSC04856-1536x1152.jpg 1536w, https:\/\/avakaryapi.com\/wp-content\/uploads\/DSC04856-2048x1536.jpg 2048w\" sizes=\"(max-width: 767px) 89vw, (max-width: 1000px) 54vw, (max-width: 1071px) 543px, 580px\" \/><\/figure>\n\n\n\n<figure class=\"wp-block-image size-large\"><img decoding=\"async\" loading=\"lazy\" width=\"1024\" height=\"768\" data-id=\"587\"  src=\"http:\/\/avakaryapi.com\/wp-content\/uploads\/DSC06410-1024x768.jpg\" alt=\"\" class=\"wp-image-587\" srcset=\"https:\/\/avakaryapi.com\/wp-content\/uploads\/DSC06410-1024x768.jpg 1024w, https:\/\/avakaryapi.com\/wp-content\/uploads\/DSC06410-300x225.jpg 300w, https:\/\/avakaryapi.com\/wp-content\/uploads\/DSC06410-768x576.jpg 768w, https:\/\/avakaryapi.com\/wp-content\/uploads\/DSC06410-1536x1152.jpg 1536w, https:\/\/avakaryapi.com\/wp-content\/uploads\/DSC06410-2048x1536.jpg 2048w\" sizes=\"(max-width: 767px) 89vw, (max-width: 1000px) 54vw, (max-width: 1071px) 543px, 580px\" \/><\/figure>\n\n\n\n<figure class=\"wp-block-image size-large\"><img decoding=\"async\" loading=\"lazy\" width=\"1024\" height=\"768\" data-id=\"588\"  src=\"http:\/\/avakaryapi.com\/wp-content\/uploads\/DSC06452-1024x768.jpg\" alt=\"\" class=\"wp-image-588\" srcset=\"https:\/\/avakaryapi.com\/wp-content\/uploads\/DSC06452-1024x768.jpg 1024w, https:\/\/avakaryapi.com\/wp-content\/uploads\/DSC06452-300x225.jpg 300w, https:\/\/avakaryapi.com\/wp-content\/uploads\/DSC06452-768x576.jpg 768w, https:\/\/avakaryapi.com\/wp-content\/uploads\/DSC06452-1536x1152.jpg 1536w, https:\/\/avakaryapi.com\/wp-content\/uploads\/DSC06452-2048x1536.jpg 2048w\" sizes=\"(max-width: 767px) 89vw, (max-width: 1000px) 54vw, (max-width: 1071px) 543px, 580px\" \/><\/figure>\n\n\n\n<figure class=\"wp-block-image size-large\"><img decoding=\"async\" loading=\"lazy\" width=\"1024\" height=\"768\" data-id=\"589\"  src=\"http:\/\/avakaryapi.com\/wp-content\/uploads\/DSC06517-1024x768.jpg\" alt=\"\" class=\"wp-image-589\" srcset=\"https:\/\/avakaryapi.com\/wp-content\/uploads\/DSC06517-1024x768.jpg 1024w, https:\/\/avakaryapi.com\/wp-content\/uploads\/DSC06517-300x225.jpg 300w, https:\/\/avakaryapi.com\/wp-content\/uploads\/DSC06517-768x576.jpg 768w, https:\/\/avakaryapi.com\/wp-content\/uploads\/DSC06517-1536x1152.jpg 1536w, https:\/\/avakaryapi.com\/wp-content\/uploads\/DSC06517-2048x1536.jpg 2048w\" sizes=\"(max-width: 767px) 89vw, (max-width: 1000px) 54vw, (max-width: 1071px) 543px, 580px\" \/><\/figure>\n\n\n\n<figure class=\"wp-block-image size-large\"><img decoding=\"async\" loading=\"lazy\" width=\"1024\" height=\"768\" data-id=\"590\"  src=\"http:\/\/avakaryapi.com\/wp-content\/uploads\/DSC06625-1024x768.jpg\" alt=\"\" class=\"wp-image-590\" srcset=\"https:\/\/avakaryapi.com\/wp-content\/uploads\/DSC06625-1024x768.jpg 1024w, https:\/\/avakaryapi.com\/wp-content\/uploads\/DSC06625-300x225.jpg 300w, https:\/\/avakaryapi.com\/wp-content\/uploads\/DSC06625-768x576.jpg 768w, https:\/\/avakaryapi.com\/wp-content\/uploads\/DSC06625-1536x1152.jpg 1536w, https:\/\/avakaryapi.com\/wp-content\/uploads\/DSC06625-2048x1536.jpg 2048w\" sizes=\"(max-width: 767px) 89vw, (max-width: 1000px) 54vw, (max-width: 1071px) 543px, 580px\" \/><\/figure>\n\n\n\n<figure class=\"wp-block-image size-large\"><img decoding=\"async\" loading=\"lazy\" width=\"1024\" height=\"768\" data-id=\"591\"  src=\"http:\/\/avakaryapi.com\/wp-content\/uploads\/DSC06633-1024x768.jpg\" alt=\"\" class=\"wp-image-591\" srcset=\"https:\/\/avakaryapi.com\/wp-content\/uploads\/DSC06633-1024x768.jpg 1024w, https:\/\/avakaryapi.com\/wp-content\/uploads\/DSC06633-300x225.jpg 300w, https:\/\/avakaryapi.com\/wp-content\/uploads\/DSC06633-768x576.jpg 768w, https:\/\/avakaryapi.com\/wp-content\/uploads\/DSC06633-1536x1152.jpg 1536w, https:\/\/avakaryapi.com\/wp-content\/uploads\/DSC06633-2048x1536.jpg 2048w\" sizes=\"(max-width: 767px) 89vw, (max-width: 1000px) 54vw, (max-width: 1071px) 543px, 580px\" \/><\/figure>\n\n\n\n<figure class=\"wp-block-image size-large\"><img decoding=\"async\" loading=\"lazy\" width=\"1024\" height=\"768\" data-id=\"592\"  src=\"http:\/\/avakaryapi.com\/wp-content\/uploads\/File0138-1024x768.jpg\" alt=\"\" class=\"wp-image-592\" srcset=\"https:\/\/avakaryapi.com\/wp-content\/uploads\/File0138-1024x768.jpg 1024w, https:\/\/avakaryapi.com\/wp-content\/uploads\/File0138-300x225.jpg 300w, https:\/\/avakaryapi.com\/wp-content\/uploads\/File0138-768x576.jpg 768w, https:\/\/avakaryapi.com\/wp-content\/uploads\/File0138-1536x1152.jpg 1536w, https:\/\/avakaryapi.com\/wp-content\/uploads\/File0138-2048x1536.jpg 2048w\" sizes=\"(max-width: 767px) 89vw, (max-width: 1000px) 54vw, (max-width: 1071px) 543px, 580px\" \/><\/figure>\n\n\n\n<figure class=\"wp-block-image size-large\"><img decoding=\"async\" loading=\"lazy\" width=\"1024\" height=\"768\" data-id=\"593\"  src=\"http:\/\/avakaryapi.com\/wp-content\/uploads\/File0306-1024x768.jpg\" alt=\"\" class=\"wp-image-593\" srcset=\"https:\/\/avakaryapi.com\/wp-content\/uploads\/File0306-1024x768.jpg 1024w, https:\/\/avakaryapi.com\/wp-content\/uploads\/File0306-300x225.jpg 300w, https:\/\/avakaryapi.com\/wp-content\/uploads\/File0306-768x576.jpg 768w, https:\/\/avakaryapi.com\/wp-content\/uploads\/File0306-1536x1152.jpg 1536w, https:\/\/avakaryapi.com\/wp-content\/uploads\/File0306-2048x1536.jpg 2048w\" sizes=\"(max-width: 767px) 89vw, (max-width: 1000px) 54vw, (max-width: 1071px) 543px, 580px\" \/><\/figure>\n\n\n\n<figure class=\"wp-block-image size-large\"><img decoding=\"async\" loading=\"lazy\" width=\"1024\" height=\"768\" data-id=\"594\"  src=\"http:\/\/avakaryapi.com\/wp-content\/uploads\/IMG_4517-1024x768.jpg\" alt=\"\" class=\"wp-image-594\" srcset=\"https:\/\/avakaryapi.com\/wp-content\/uploads\/IMG_4517-1024x768.jpg 1024w, https:\/\/avakaryapi.com\/wp-content\/uploads\/IMG_4517-300x225.jpg 300w, https:\/\/avakaryapi.com\/wp-content\/uploads\/IMG_4517-768x576.jpg 768w, https:\/\/avakaryapi.com\/wp-content\/uploads\/IMG_4517-1536x1152.jpg 1536w, https:\/\/avakaryapi.com\/wp-content\/uploads\/IMG_4517-2048x1536.jpg 2048w\" sizes=\"(max-width: 767px) 89vw, (max-width: 1000px) 54vw, (max-width: 1071px) 543px, 580px\" \/><\/figure>\n<\/figure>\n","protected":false},"excerpt":{"rendered":"<p>&#8220;&#8221;KAL\u0130TEDEK\u0130 L\u0130DERL\u0130\u011e\u0130M\u0130Z\u0130 S\u00dcRD\u00dcRMEK ANA HEDEF\u0130M\u0130ZD\u0130R.&#8221; K\u0131sa ve uzun vadeli ak\u0131lc\u0131 ve d\u00fcr\u00fcst politikalar uygulayarak KAR YAPI&#8217;n\u0131n sekt\u00f6rdeki iyi ismini ve ge\u00e7mi\u015fini de dikkate alarak, \u015firketin kararl\u0131, ekonomik ve dinamik yap\u0131s\u0131n\u0131 her ge\u00e7en g\u00fcn daha ileriye g\u00f6t\u00fcrmek ve \u015firketimize olan g\u00fcven duygusunu daha da artt\u0131rmak temel d\u00fc\u015f\u00fcncelerimizdendir. Bu hedefe ula\u015fmak \u00fczere faaliyet g\u00f6sterilen alanlarda y\u00f6netimi \u00fcstlenmek &hellip; <\/p>\n<p class=\"link-more\"><a href=\"https:\/\/avakaryapi.com\/index.php\/hakkimizda\/\" class=\"more-link\">Okumaya devam et<span class=\"screen-reader-text\"> &#8220;Hakk\u0131m\u0131zda&#8221;<\/span><\/a><\/p>\n","protected":false},"author":1,"featured_media":0,"parent":0,"menu_order":0,"comment_status":"closed","ping_status":"closed","template":"","meta":[],"_links":{"self":[{"href":"https:\/\/avakaryapi.com\/index.php\/wp-json\/wp\/v2\/pages\/39"}],"collection":[{"href":"https:\/\/avakaryapi.com\/index.php\/wp-json\/wp\/v2\/pages"}],"about":[{"href":"https:\/\/avakaryapi.com\/index.php\/wp-json\/wp\/v2\/types\/page"}],"author":[{"embeddable":true,"href":"https:\/\/avakaryapi.com\/index.php\/wp-json\/wp\/v2\/users\/1"}],"replies":[{"embeddable":true,"href":"https:\/\/avakaryapi.com\/index.php\/wp-json\/wp\/v2\/comments?post=39"}],"version-history":[{"count":4,"href":"https:\/\/avakaryapi.com\/index.php\/wp-json\/wp\/v2\/pages\/39\/revisions"}],"predecessor-version":[{"id":595,"href":"https:\/\/avakaryapi.com\/index.php\/wp-json\/wp\/v2\/pages\/39\/revisions\/595"}],"wp:attachment":[{"href":"https:\/\/avakaryapi.com\/index.php\/wp-json\/wp\/v2\/media?parent=39"}],"curies":[{"name":"wp","href":"https:\/\/api.w.org\/{rel}","templated":true}]}}