{"id":387,"date":"2021-07-10T12:33:37","date_gmt":"2021-07-10T09:33:37","guid":{"rendered":"http:\/\/avakaryapi.com\/?page_id=387"},"modified":"2023-04-29T18:22:32","modified_gmt":"2023-04-29T15:22:32","slug":"katalog","status":"publish","type":"page","link":"https:\/\/avakaryapi.com\/index.php\/katalog\/","title":{"rendered":"KATALOG"},"content":{"rendered":"\n<p>  T\u00fcm \u00fcr\u00fcnlerimizin g\u00fcncel g\u00f6rsellerinin ve teknik \u00f6l\u00e7\u00fclerinin bulundu\u011fu <\/p>\n\n\n\n<p>E-katalo\u011fumuzu inceleyebilir ve indirebilirsiniz.  <\/p>\n\n\n\n<figure class=\"wp-block-image size-large\"><img decoding=\"async\" loading=\"lazy\" width=\"1024\" height=\"958\" src=\"http:\/\/avakaryapi.com\/wp-content\/uploads\/KAPAK1-01-1024x958.jpg\" alt=\"\" class=\"wp-image-384\" srcset=\"https:\/\/avakaryapi.com\/wp-content\/uploads\/KAPAK1-01-1024x958.jpg 1024w, https:\/\/avakaryapi.com\/wp-content\/uploads\/KAPAK1-01-300x281.jpg 300w, https:\/\/avakaryapi.com\/wp-content\/uploads\/KAPAK1-01-768x718.jpg 768w\" sizes=\"(max-width: 767px) 89vw, (max-width: 1000px) 54vw, (max-width: 1071px) 543px, 580px\" \/><\/figure>\n\n\n\n<p>KATALOG \u0130NCELEMEK \u0130\u00c7\u0130N <a href=\"http:\/\/avakaryapi.com\/URETIM_E\/mobile\/index.html\"><strong>TIKLAYINIZ<\/strong><\/a><\/p>\n\n\n\n<p> KATALOG \u0130ND\u0130RMEK \u0130\u00c7\u0130N <strong><a href=\"http:\/\/avakaryapi.com\/AVAKAR.pdf\">TIKLAYINIZ<\/a><\/strong><\/p>\n","protected":false},"excerpt":{"rendered":"<p>T\u00fcm \u00fcr\u00fcnlerimizin g\u00fcncel g\u00f6rsellerinin ve teknik \u00f6l\u00e7\u00fclerinin bulundu\u011fu E-katalo\u011fumuzu inceleyebilir ve indirebilirsiniz. KATALOG \u0130NCELEMEK \u0130\u00c7\u0130N TIKLAYINIZ KATALOG \u0130ND\u0130RMEK \u0130\u00c7\u0130N TIKLAYINIZ<\/p>\n","protected":false},"author":1,"featured_media":0,"parent":0,"menu_order":0,"comment_status":"closed","ping_status":"closed","template":"","meta":[],"_links":{"self":[{"href":"https:\/\/avakaryapi.com\/index.php\/wp-json\/wp\/v2\/pages\/387"}],"collection":[{"href":"https:\/\/avakaryapi.com\/index.php\/wp-json\/wp\/v2\/pages"}],"about":[{"href":"https:\/\/avakaryapi.com\/index.php\/wp-json\/wp\/v2\/types\/page"}],"author":[{"embeddable":true,"href":"https:\/\/avakaryapi.com\/index.php\/wp-json\/wp\/v2\/users\/1"}],"replies":[{"embeddable":true,"href":"https:\/\/avakaryapi.com\/index.php\/wp-json\/wp\/v2\/comments?post=387"}],"version-history":[{"count":3,"href":"https:\/\/avakaryapi.com\/index.php\/wp-json\/wp\/v2\/pages\/387\/revisions"}],"predecessor-version":[{"id":559,"href":"https:\/\/avakaryapi.com\/index.php\/wp-json\/wp\/v2\/pages\/387\/revisions\/559"}],"wp:attachment":[{"href":"https:\/\/avakaryapi.com\/index.php\/wp-json\/wp\/v2\/media?parent=387"}],"curies":[{"name":"wp","href":"https:\/\/api.w.org\/{rel}","templated":true}]}}