{"id":25,"date":"2019-05-15T19:25:28","date_gmt":"2019-05-15T16:25:28","guid":{"rendered":"http:\/\/avakaryapi.com\/?page_id=25"},"modified":"2023-04-29T18:03:31","modified_gmt":"2023-04-29T15:03:31","slug":"alley-serisi","status":"publish","type":"page","link":"https:\/\/avakaryapi.com\/index.php\/alley-serisi\/","title":{"rendered":"Alley Serisi"},"content":{"rendered":"\n<p>Al\u00e7\u0131 kemer, ta\u00e7 ve yan malzeme grubu.<\/p>\n\n\n\n<figure class=\"wp-block-gallery has-nested-images columns-1 is-cropped wp-block-gallery-1 is-layout-flex\">\n<figure class=\"wp-block-image size-large\"><img decoding=\"async\" loading=\"lazy\" width=\"1020\" height=\"946\" data-id=\"440\"  src=\"http:\/\/avakaryapi.com\/wp-content\/uploads\/9991175339.jpg\" alt=\"\" class=\"wp-image-440\" srcset=\"https:\/\/avakaryapi.com\/wp-content\/uploads\/9991175339.jpg 1020w, https:\/\/avakaryapi.com\/wp-content\/uploads\/9991175339-300x278.jpg 300w, https:\/\/avakaryapi.com\/wp-content\/uploads\/9991175339-768x712.jpg 768w\" sizes=\"(max-width: 767px) 89vw, (max-width: 1000px) 54vw, (max-width: 1071px) 543px, 580px\" \/><\/figure>\n\n\n\n<figure class=\"wp-block-image size-large\"><img decoding=\"async\" loading=\"lazy\" width=\"1020\" height=\"946\" data-id=\"439\"  src=\"http:\/\/avakaryapi.com\/wp-content\/uploads\/9287745027.jpg\" alt=\"\" class=\"wp-image-439\" srcset=\"https:\/\/avakaryapi.com\/wp-content\/uploads\/9287745027.jpg 1020w, https:\/\/avakaryapi.com\/wp-content\/uploads\/9287745027-300x278.jpg 300w, https:\/\/avakaryapi.com\/wp-content\/uploads\/9287745027-768x712.jpg 768w\" sizes=\"(max-width: 767px) 89vw, (max-width: 1000px) 54vw, (max-width: 1071px) 543px, 580px\" \/><\/figure>\n\n\n\n<figure class=\"wp-block-image size-large\"><img decoding=\"async\" loading=\"lazy\" width=\"1020\" height=\"946\" data-id=\"438\"  src=\"http:\/\/avakaryapi.com\/wp-content\/uploads\/9170725034.jpg\" alt=\"\" class=\"wp-image-438\" srcset=\"https:\/\/avakaryapi.com\/wp-content\/uploads\/9170725034.jpg 1020w, https:\/\/avakaryapi.com\/wp-content\/uploads\/9170725034-300x278.jpg 300w, https:\/\/avakaryapi.com\/wp-content\/uploads\/9170725034-768x712.jpg 768w\" sizes=\"(max-width: 767px) 89vw, (max-width: 1000px) 54vw, (max-width: 1071px) 543px, 580px\" \/><\/figure>\n\n\n\n<figure class=\"wp-block-image size-large\"><img decoding=\"async\" loading=\"lazy\" width=\"1020\" height=\"946\" data-id=\"437\"  src=\"http:\/\/avakaryapi.com\/wp-content\/uploads\/8254859758.jpg\" alt=\"\" class=\"wp-image-437\" srcset=\"https:\/\/avakaryapi.com\/wp-content\/uploads\/8254859758.jpg 1020w, https:\/\/avakaryapi.com\/wp-content\/uploads\/8254859758-300x278.jpg 300w, https:\/\/avakaryapi.com\/wp-content\/uploads\/8254859758-768x712.jpg 768w\" sizes=\"(max-width: 767px) 89vw, (max-width: 1000px) 54vw, (max-width: 1071px) 543px, 580px\" \/><\/figure>\n\n\n\n<figure class=\"wp-block-image size-large\"><img decoding=\"async\" loading=\"lazy\" width=\"1020\" height=\"946\" data-id=\"436\"  src=\"http:\/\/avakaryapi.com\/wp-content\/uploads\/7997385253.jpg\" alt=\"\" class=\"wp-image-436\" srcset=\"https:\/\/avakaryapi.com\/wp-content\/uploads\/7997385253.jpg 1020w, https:\/\/avakaryapi.com\/wp-content\/uploads\/7997385253-300x278.jpg 300w, https:\/\/avakaryapi.com\/wp-content\/uploads\/7997385253-768x712.jpg 768w\" sizes=\"(max-width: 767px) 89vw, (max-width: 1000px) 54vw, (max-width: 1071px) 543px, 580px\" \/><\/figure>\n\n\n\n<figure class=\"wp-block-image size-large\"><img decoding=\"async\" loading=\"lazy\" width=\"1020\" height=\"946\" data-id=\"435\"  src=\"http:\/\/avakaryapi.com\/wp-content\/uploads\/7921627981.jpg\" alt=\"\" class=\"wp-image-435\" srcset=\"https:\/\/avakaryapi.com\/wp-content\/uploads\/7921627981.jpg 1020w, https:\/\/avakaryapi.com\/wp-content\/uploads\/7921627981-300x278.jpg 300w, https:\/\/avakaryapi.com\/wp-content\/uploads\/7921627981-768x712.jpg 768w\" sizes=\"(max-width: 767px) 89vw, (max-width: 1000px) 54vw, (max-width: 1071px) 543px, 580px\" \/><\/figure>\n\n\n\n<figure class=\"wp-block-image size-large\"><img decoding=\"async\" loading=\"lazy\" width=\"1020\" height=\"946\" data-id=\"434\"  src=\"http:\/\/avakaryapi.com\/wp-content\/uploads\/7631839820.jpg\" alt=\"\" class=\"wp-image-434\" srcset=\"https:\/\/avakaryapi.com\/wp-content\/uploads\/7631839820.jpg 1020w, https:\/\/avakaryapi.com\/wp-content\/uploads\/7631839820-300x278.jpg 300w, https:\/\/avakaryapi.com\/wp-content\/uploads\/7631839820-768x712.jpg 768w\" sizes=\"(max-width: 767px) 89vw, (max-width: 1000px) 54vw, (max-width: 1071px) 543px, 580px\" \/><\/figure>\n\n\n\n<figure class=\"wp-block-image size-large\"><img decoding=\"async\" loading=\"lazy\" width=\"1020\" height=\"946\" data-id=\"433\"  src=\"http:\/\/avakaryapi.com\/wp-content\/uploads\/7309925506.jpg\" alt=\"\" class=\"wp-image-433\" srcset=\"https:\/\/avakaryapi.com\/wp-content\/uploads\/7309925506.jpg 1020w, https:\/\/avakaryapi.com\/wp-content\/uploads\/7309925506-300x278.jpg 300w, https:\/\/avakaryapi.com\/wp-content\/uploads\/7309925506-768x712.jpg 768w\" sizes=\"(max-width: 767px) 89vw, (max-width: 1000px) 54vw, (max-width: 1071px) 543px, 580px\" \/><\/figure>\n\n\n\n<figure class=\"wp-block-image size-large\"><img decoding=\"async\" loading=\"lazy\" width=\"1020\" height=\"946\" data-id=\"432\"  src=\"http:\/\/avakaryapi.com\/wp-content\/uploads\/6900422958.jpg\" alt=\"\" class=\"wp-image-432\" srcset=\"https:\/\/avakaryapi.com\/wp-content\/uploads\/6900422958.jpg 1020w, https:\/\/avakaryapi.com\/wp-content\/uploads\/6900422958-300x278.jpg 300w, https:\/\/avakaryapi.com\/wp-content\/uploads\/6900422958-768x712.jpg 768w\" sizes=\"(max-width: 767px) 89vw, (max-width: 1000px) 54vw, (max-width: 1071px) 543px, 580px\" \/><\/figure>\n\n\n\n<figure class=\"wp-block-image size-large\"><img decoding=\"async\" loading=\"lazy\" width=\"1020\" height=\"946\" data-id=\"431\"  src=\"http:\/\/avakaryapi.com\/wp-content\/uploads\/6179616783.jpg\" alt=\"\" class=\"wp-image-431\" srcset=\"https:\/\/avakaryapi.com\/wp-content\/uploads\/6179616783.jpg 1020w, https:\/\/avakaryapi.com\/wp-content\/uploads\/6179616783-300x278.jpg 300w, https:\/\/avakaryapi.com\/wp-content\/uploads\/6179616783-768x712.jpg 768w\" sizes=\"(max-width: 767px) 89vw, (max-width: 1000px) 54vw, (max-width: 1071px) 543px, 580px\" \/><\/figure>\n\n\n\n<figure class=\"wp-block-image size-large\"><img decoding=\"async\" loading=\"lazy\" width=\"1020\" height=\"946\" data-id=\"430\"  src=\"http:\/\/avakaryapi.com\/wp-content\/uploads\/5840675706.jpg\" alt=\"\" class=\"wp-image-430\" srcset=\"https:\/\/avakaryapi.com\/wp-content\/uploads\/5840675706.jpg 1020w, https:\/\/avakaryapi.com\/wp-content\/uploads\/5840675706-300x278.jpg 300w, https:\/\/avakaryapi.com\/wp-content\/uploads\/5840675706-768x712.jpg 768w\" sizes=\"(max-width: 767px) 89vw, (max-width: 1000px) 54vw, (max-width: 1071px) 543px, 580px\" \/><\/figure>\n\n\n\n<figure class=\"wp-block-image size-large\"><img decoding=\"async\" loading=\"lazy\" width=\"1020\" height=\"946\" data-id=\"429\"  src=\"http:\/\/avakaryapi.com\/wp-content\/uploads\/5328594800.jpg\" alt=\"\" class=\"wp-image-429\" srcset=\"https:\/\/avakaryapi.com\/wp-content\/uploads\/5328594800.jpg 1020w, https:\/\/avakaryapi.com\/wp-content\/uploads\/5328594800-300x278.jpg 300w, https:\/\/avakaryapi.com\/wp-content\/uploads\/5328594800-768x712.jpg 768w\" sizes=\"(max-width: 767px) 89vw, (max-width: 1000px) 54vw, (max-width: 1071px) 543px, 580px\" \/><\/figure>\n\n\n\n<figure class=\"wp-block-image size-large\"><img decoding=\"async\" loading=\"lazy\" width=\"1020\" height=\"946\" data-id=\"428\"  src=\"http:\/\/avakaryapi.com\/wp-content\/uploads\/4493301242.jpg\" alt=\"\" class=\"wp-image-428\" srcset=\"https:\/\/avakaryapi.com\/wp-content\/uploads\/4493301242.jpg 1020w, https:\/\/avakaryapi.com\/wp-content\/uploads\/4493301242-300x278.jpg 300w, https:\/\/avakaryapi.com\/wp-content\/uploads\/4493301242-768x712.jpg 768w\" sizes=\"(max-width: 767px) 89vw, (max-width: 1000px) 54vw, (max-width: 1071px) 543px, 580px\" \/><\/figure>\n\n\n\n<figure class=\"wp-block-image size-large\"><img decoding=\"async\" loading=\"lazy\" width=\"1020\" height=\"946\" data-id=\"427\"  src=\"http:\/\/avakaryapi.com\/wp-content\/uploads\/4025162597.jpg\" alt=\"\" class=\"wp-image-427\" srcset=\"https:\/\/avakaryapi.com\/wp-content\/uploads\/4025162597.jpg 1020w, https:\/\/avakaryapi.com\/wp-content\/uploads\/4025162597-300x278.jpg 300w, https:\/\/avakaryapi.com\/wp-content\/uploads\/4025162597-768x712.jpg 768w\" sizes=\"(max-width: 767px) 89vw, (max-width: 1000px) 54vw, (max-width: 1071px) 543px, 580px\" \/><\/figure>\n\n\n\n<figure class=\"wp-block-image size-large\"><img decoding=\"async\" loading=\"lazy\" width=\"1020\" height=\"946\" data-id=\"426\"  src=\"http:\/\/avakaryapi.com\/wp-content\/uploads\/3874438339.jpg\" alt=\"\" class=\"wp-image-426\" srcset=\"https:\/\/avakaryapi.com\/wp-content\/uploads\/3874438339.jpg 1020w, https:\/\/avakaryapi.com\/wp-content\/uploads\/3874438339-300x278.jpg 300w, https:\/\/avakaryapi.com\/wp-content\/uploads\/3874438339-768x712.jpg 768w\" sizes=\"(max-width: 767px) 89vw, (max-width: 1000px) 54vw, (max-width: 1071px) 543px, 580px\" \/><\/figure>\n\n\n\n<figure class=\"wp-block-image size-large\"><img decoding=\"async\" loading=\"lazy\" width=\"1020\" height=\"946\" data-id=\"425\"  src=\"http:\/\/avakaryapi.com\/wp-content\/uploads\/3553760114.jpg\" alt=\"\" class=\"wp-image-425\" srcset=\"https:\/\/avakaryapi.com\/wp-content\/uploads\/3553760114.jpg 1020w, https:\/\/avakaryapi.com\/wp-content\/uploads\/3553760114-300x278.jpg 300w, https:\/\/avakaryapi.com\/wp-content\/uploads\/3553760114-768x712.jpg 768w\" sizes=\"(max-width: 767px) 89vw, (max-width: 1000px) 54vw, (max-width: 1071px) 543px, 580px\" \/><\/figure>\n\n\n\n<figure class=\"wp-block-image size-large\"><img decoding=\"async\" loading=\"lazy\" width=\"1020\" height=\"946\" data-id=\"424\"  src=\"http:\/\/avakaryapi.com\/wp-content\/uploads\/3523400701.jpg\" alt=\"\" class=\"wp-image-424\" srcset=\"https:\/\/avakaryapi.com\/wp-content\/uploads\/3523400701.jpg 1020w, https:\/\/avakaryapi.com\/wp-content\/uploads\/3523400701-300x278.jpg 300w, https:\/\/avakaryapi.com\/wp-content\/uploads\/3523400701-768x712.jpg 768w\" sizes=\"(max-width: 767px) 89vw, (max-width: 1000px) 54vw, (max-width: 1071px) 543px, 580px\" \/><\/figure>\n\n\n\n<figure class=\"wp-block-image size-large\"><img decoding=\"async\" loading=\"lazy\" width=\"1020\" height=\"946\" data-id=\"423\"  src=\"http:\/\/avakaryapi.com\/wp-content\/uploads\/3256336946.jpg\" alt=\"\" class=\"wp-image-423\" srcset=\"https:\/\/avakaryapi.com\/wp-content\/uploads\/3256336946.jpg 1020w, https:\/\/avakaryapi.com\/wp-content\/uploads\/3256336946-300x278.jpg 300w, https:\/\/avakaryapi.com\/wp-content\/uploads\/3256336946-768x712.jpg 768w\" sizes=\"(max-width: 767px) 89vw, (max-width: 1000px) 54vw, (max-width: 1071px) 543px, 580px\" \/><\/figure>\n\n\n\n<figure class=\"wp-block-image size-large\"><img decoding=\"async\" loading=\"lazy\" width=\"1020\" height=\"946\" data-id=\"422\"  src=\"http:\/\/avakaryapi.com\/wp-content\/uploads\/3228768397.jpg\" alt=\"\" class=\"wp-image-422\" srcset=\"https:\/\/avakaryapi.com\/wp-content\/uploads\/3228768397.jpg 1020w, https:\/\/avakaryapi.com\/wp-content\/uploads\/3228768397-300x278.jpg 300w, https:\/\/avakaryapi.com\/wp-content\/uploads\/3228768397-768x712.jpg 768w\" sizes=\"(max-width: 767px) 89vw, (max-width: 1000px) 54vw, (max-width: 1071px) 543px, 580px\" \/><\/figure>\n\n\n\n<figure class=\"wp-block-image size-large\"><img decoding=\"async\" loading=\"lazy\" width=\"1020\" height=\"946\" data-id=\"421\"  src=\"http:\/\/avakaryapi.com\/wp-content\/uploads\/2863786272.jpg\" alt=\"\" class=\"wp-image-421\" srcset=\"https:\/\/avakaryapi.com\/wp-content\/uploads\/2863786272.jpg 1020w, https:\/\/avakaryapi.com\/wp-content\/uploads\/2863786272-300x278.jpg 300w, https:\/\/avakaryapi.com\/wp-content\/uploads\/2863786272-768x712.jpg 768w\" sizes=\"(max-width: 767px) 89vw, (max-width: 1000px) 54vw, (max-width: 1071px) 543px, 580px\" \/><\/figure>\n\n\n\n<figure class=\"wp-block-image size-large\"><img decoding=\"async\" loading=\"lazy\" width=\"1020\" height=\"946\" data-id=\"420\"  src=\"http:\/\/avakaryapi.com\/wp-content\/uploads\/2468077253.jpg\" alt=\"\" class=\"wp-image-420\" srcset=\"https:\/\/avakaryapi.com\/wp-content\/uploads\/2468077253.jpg 1020w, https:\/\/avakaryapi.com\/wp-content\/uploads\/2468077253-300x278.jpg 300w, https:\/\/avakaryapi.com\/wp-content\/uploads\/2468077253-768x712.jpg 768w\" sizes=\"(max-width: 767px) 89vw, (max-width: 1000px) 54vw, (max-width: 1071px) 543px, 580px\" \/><\/figure>\n\n\n\n<figure class=\"wp-block-image size-large\"><img decoding=\"async\" loading=\"lazy\" width=\"1020\" height=\"946\" data-id=\"419\"  src=\"http:\/\/avakaryapi.com\/wp-content\/uploads\/2257426811.jpg\" alt=\"\" class=\"wp-image-419\" srcset=\"https:\/\/avakaryapi.com\/wp-content\/uploads\/2257426811.jpg 1020w, https:\/\/avakaryapi.com\/wp-content\/uploads\/2257426811-300x278.jpg 300w, https:\/\/avakaryapi.com\/wp-content\/uploads\/2257426811-768x712.jpg 768w\" sizes=\"(max-width: 767px) 89vw, (max-width: 1000px) 54vw, (max-width: 1071px) 543px, 580px\" \/><\/figure>\n\n\n\n<figure class=\"wp-block-image size-large\"><img decoding=\"async\" loading=\"lazy\" width=\"1020\" height=\"946\" data-id=\"418\"  src=\"http:\/\/avakaryapi.com\/wp-content\/uploads\/2031018186.jpg\" alt=\"\" class=\"wp-image-418\" srcset=\"https:\/\/avakaryapi.com\/wp-content\/uploads\/2031018186.jpg 1020w, https:\/\/avakaryapi.com\/wp-content\/uploads\/2031018186-300x278.jpg 300w, https:\/\/avakaryapi.com\/wp-content\/uploads\/2031018186-768x712.jpg 768w\" sizes=\"(max-width: 767px) 89vw, (max-width: 1000px) 54vw, (max-width: 1071px) 543px, 580px\" \/><\/figure>\n\n\n\n<figure class=\"wp-block-image size-large\"><img decoding=\"async\" loading=\"lazy\" width=\"1020\" height=\"946\" data-id=\"417\"  src=\"http:\/\/avakaryapi.com\/wp-content\/uploads\/1920361122.jpg\" alt=\"\" class=\"wp-image-417\" srcset=\"https:\/\/avakaryapi.com\/wp-content\/uploads\/1920361122.jpg 1020w, https:\/\/avakaryapi.com\/wp-content\/uploads\/1920361122-300x278.jpg 300w, https:\/\/avakaryapi.com\/wp-content\/uploads\/1920361122-768x712.jpg 768w\" sizes=\"(max-width: 767px) 89vw, (max-width: 1000px) 54vw, (max-width: 1071px) 543px, 580px\" \/><\/figure>\n\n\n\n<figure class=\"wp-block-image size-large\"><img decoding=\"async\" loading=\"lazy\" width=\"1020\" height=\"946\" data-id=\"416\"  src=\"http:\/\/avakaryapi.com\/wp-content\/uploads\/1863302452.jpg\" alt=\"\" class=\"wp-image-416\" srcset=\"https:\/\/avakaryapi.com\/wp-content\/uploads\/1863302452.jpg 1020w, https:\/\/avakaryapi.com\/wp-content\/uploads\/1863302452-300x278.jpg 300w, https:\/\/avakaryapi.com\/wp-content\/uploads\/1863302452-768x712.jpg 768w\" sizes=\"(max-width: 767px) 89vw, (max-width: 1000px) 54vw, (max-width: 1071px) 543px, 580px\" \/><\/figure>\n\n\n\n<figure class=\"wp-block-image size-large\"><img decoding=\"async\" loading=\"lazy\" width=\"1020\" height=\"946\" data-id=\"415\"  src=\"http:\/\/avakaryapi.com\/wp-content\/uploads\/1801336432.jpg\" alt=\"\" class=\"wp-image-415\" srcset=\"https:\/\/avakaryapi.com\/wp-content\/uploads\/1801336432.jpg 1020w, https:\/\/avakaryapi.com\/wp-content\/uploads\/1801336432-300x278.jpg 300w, https:\/\/avakaryapi.com\/wp-content\/uploads\/1801336432-768x712.jpg 768w\" sizes=\"(max-width: 767px) 89vw, (max-width: 1000px) 54vw, (max-width: 1071px) 543px, 580px\" \/><\/figure>\n\n\n\n<figure class=\"wp-block-image size-large\"><img decoding=\"async\" loading=\"lazy\" width=\"1020\" height=\"946\" data-id=\"414\"  src=\"http:\/\/avakaryapi.com\/wp-content\/uploads\/1586442546.jpg\" alt=\"\" class=\"wp-image-414\" srcset=\"https:\/\/avakaryapi.com\/wp-content\/uploads\/1586442546.jpg 1020w, https:\/\/avakaryapi.com\/wp-content\/uploads\/1586442546-300x278.jpg 300w, https:\/\/avakaryapi.com\/wp-content\/uploads\/1586442546-768x712.jpg 768w\" sizes=\"(max-width: 767px) 89vw, (max-width: 1000px) 54vw, (max-width: 1071px) 543px, 580px\" \/><\/figure>\n\n\n\n<figure class=\"wp-block-image size-large\"><img decoding=\"async\" loading=\"lazy\" width=\"1020\" height=\"946\" data-id=\"413\"  src=\"http:\/\/avakaryapi.com\/wp-content\/uploads\/1580011185.jpg\" alt=\"\" class=\"wp-image-413\" srcset=\"https:\/\/avakaryapi.com\/wp-content\/uploads\/1580011185.jpg 1020w, https:\/\/avakaryapi.com\/wp-content\/uploads\/1580011185-300x278.jpg 300w, https:\/\/avakaryapi.com\/wp-content\/uploads\/1580011185-768x712.jpg 768w\" sizes=\"(max-width: 767px) 89vw, (max-width: 1000px) 54vw, (max-width: 1071px) 543px, 580px\" \/><\/figure>\n\n\n\n<figure class=\"wp-block-image size-large\"><img decoding=\"async\" loading=\"lazy\" width=\"1020\" height=\"946\" data-id=\"412\"  src=\"http:\/\/avakaryapi.com\/wp-content\/uploads\/1020401914.jpg\" alt=\"\" class=\"wp-image-412\" srcset=\"https:\/\/avakaryapi.com\/wp-content\/uploads\/1020401914.jpg 1020w, https:\/\/avakaryapi.com\/wp-content\/uploads\/1020401914-300x278.jpg 300w, https:\/\/avakaryapi.com\/wp-content\/uploads\/1020401914-768x712.jpg 768w\" sizes=\"(max-width: 767px) 89vw, (max-width: 1000px) 54vw, (max-width: 1071px) 543px, 580px\" \/><\/figure>\n\n\n\n<figure class=\"wp-block-image size-large\"><img decoding=\"async\" loading=\"lazy\" width=\"1020\" height=\"946\" data-id=\"411\"  src=\"http:\/\/avakaryapi.com\/wp-content\/uploads\/0924175389.jpg\" alt=\"\" class=\"wp-image-411\" srcset=\"https:\/\/avakaryapi.com\/wp-content\/uploads\/0924175389.jpg 1020w, https:\/\/avakaryapi.com\/wp-content\/uploads\/0924175389-300x278.jpg 300w, https:\/\/avakaryapi.com\/wp-content\/uploads\/0924175389-768x712.jpg 768w\" sizes=\"(max-width: 767px) 89vw, (max-width: 1000px) 54vw, (max-width: 1071px) 543px, 580px\" \/><\/figure>\n\n\n\n<figure class=\"wp-block-image size-large\"><img decoding=\"async\" loading=\"lazy\" width=\"1020\" height=\"946\" data-id=\"410\"  src=\"http:\/\/avakaryapi.com\/wp-content\/uploads\/0705181977.jpg\" alt=\"\" class=\"wp-image-410\" srcset=\"https:\/\/avakaryapi.com\/wp-content\/uploads\/0705181977.jpg 1020w, https:\/\/avakaryapi.com\/wp-content\/uploads\/0705181977-300x278.jpg 300w, https:\/\/avakaryapi.com\/wp-content\/uploads\/0705181977-768x712.jpg 768w\" sizes=\"(max-width: 767px) 89vw, (max-width: 1000px) 54vw, (max-width: 1071px) 543px, 580px\" \/><\/figure>\n\n\n\n<figure class=\"wp-block-image size-large\"><img decoding=\"async\" loading=\"lazy\" width=\"1020\" height=\"946\" data-id=\"409\"  src=\"http:\/\/avakaryapi.com\/wp-content\/uploads\/0475736919.jpg\" alt=\"\" class=\"wp-image-409\" srcset=\"https:\/\/avakaryapi.com\/wp-content\/uploads\/0475736919.jpg 1020w, https:\/\/avakaryapi.com\/wp-content\/uploads\/0475736919-300x278.jpg 300w, https:\/\/avakaryapi.com\/wp-content\/uploads\/0475736919-768x712.jpg 768w\" sizes=\"(max-width: 767px) 89vw, (max-width: 1000px) 54vw, (max-width: 1071px) 543px, 580px\" \/><\/figure>\n\n\n\n<figure class=\"wp-block-image size-large\"><img decoding=\"async\" loading=\"lazy\" width=\"1020\" height=\"946\" data-id=\"408\"  src=\"http:\/\/avakaryapi.com\/wp-content\/uploads\/0106812005.jpg\" alt=\"\" class=\"wp-image-408\" srcset=\"https:\/\/avakaryapi.com\/wp-content\/uploads\/0106812005.jpg 1020w, https:\/\/avakaryapi.com\/wp-content\/uploads\/0106812005-300x278.jpg 300w, https:\/\/avakaryapi.com\/wp-content\/uploads\/0106812005-768x712.jpg 768w\" sizes=\"(max-width: 767px) 89vw, (max-width: 1000px) 54vw, (max-width: 1071px) 543px, 580px\" \/><\/figure>\n\n\n\n<figure class=\"wp-block-image size-large\"><img decoding=\"async\" loading=\"lazy\" width=\"1020\" height=\"946\" data-id=\"407\"  src=\"http:\/\/avakaryapi.com\/wp-content\/uploads\/0037385837.jpg\" alt=\"\" class=\"wp-image-407\" srcset=\"https:\/\/avakaryapi.com\/wp-content\/uploads\/0037385837.jpg 1020w, https:\/\/avakaryapi.com\/wp-content\/uploads\/0037385837-300x278.jpg 300w, https:\/\/avakaryapi.com\/wp-content\/uploads\/0037385837-768x712.jpg 768w\" sizes=\"(max-width: 767px) 89vw, (max-width: 1000px) 54vw, (max-width: 1071px) 543px, 580px\" \/><\/figure>\n<\/figure>\n","protected":false},"excerpt":{"rendered":"<p>Al\u00e7\u0131 kemer, ta\u00e7 ve yan malzeme grubu.<\/p>\n","protected":false},"author":1,"featured_media":416,"parent":0,"menu_order":0,"comment_status":"closed","ping_status":"closed","template":"","meta":[],"_links":{"self":[{"href":"https:\/\/avakaryapi.com\/index.php\/wp-json\/wp\/v2\/pages\/25"}],"collection":[{"href":"https:\/\/avakaryapi.com\/index.php\/wp-json\/wp\/v2\/pages"}],"about":[{"href":"https:\/\/avakaryapi.com\/index.php\/wp-json\/wp\/v2\/types\/page"}],"author":[{"embeddable":true,"href":"https:\/\/avakaryapi.com\/index.php\/wp-json\/wp\/v2\/users\/1"}],"replies":[{"embeddable":true,"href":"https:\/\/avakaryapi.com\/index.php\/wp-json\/wp\/v2\/comments?post=25"}],"version-history":[{"count":5,"href":"https:\/\/avakaryapi.com\/index.php\/wp-json\/wp\/v2\/pages\/25\/revisions"}],"predecessor-version":[{"id":465,"href":"https:\/\/avakaryapi.com\/index.php\/wp-json\/wp\/v2\/pages\/25\/revisions\/465"}],"wp:featuredmedia":[{"embeddable":true,"href":"https:\/\/avakaryapi.com\/index.php\/wp-json\/wp\/v2\/media\/416"}],"wp:attachment":[{"href":"https:\/\/avakaryapi.com\/index.php\/wp-json\/wp\/v2\/media?parent=25"}],"curies":[{"name":"wp","href":"https:\/\/api.w.org\/{rel}","templated":true}]}}