{"id":213,"date":"2019-05-16T16:47:53","date_gmt":"2019-05-16T13:47:53","guid":{"rendered":"http:\/\/avakaryapi.com\/?page_id=213"},"modified":"2023-04-29T18:16:16","modified_gmt":"2023-04-29T15:16:16","slug":"show-serisi","status":"publish","type":"page","link":"https:\/\/avakaryapi.com\/index.php\/show-serisi\/","title":{"rendered":"Show Serisi"},"content":{"rendered":"\n<p>T\u00fcm al\u00e7\u0131 \u00fcr\u00fcnlerimizin uygulamalar\u0131 ve teknik kesitleri.<\/p>\n\n\n\n<figure class=\"wp-block-gallery has-nested-images columns-default is-cropped wp-block-gallery-1 is-layout-flex\">\n<figure class=\"wp-block-image size-large\"><img decoding=\"async\" loading=\"lazy\" width=\"1024\" height=\"949\" data-id=\"503\"  src=\"http:\/\/avakaryapi.com\/wp-content\/uploads\/0763430344-1024x949.jpg\" alt=\"\" class=\"wp-image-503\" srcset=\"https:\/\/avakaryapi.com\/wp-content\/uploads\/0763430344-1024x949.jpg 1024w, https:\/\/avakaryapi.com\/wp-content\/uploads\/0763430344-300x278.jpg 300w, https:\/\/avakaryapi.com\/wp-content\/uploads\/0763430344-768x712.jpg 768w, https:\/\/avakaryapi.com\/wp-content\/uploads\/0763430344.jpg 1400w\" sizes=\"(max-width: 767px) 89vw, (max-width: 1000px) 54vw, (max-width: 1071px) 543px, 580px\" \/><\/figure>\n\n\n\n<figure class=\"wp-block-image size-large\"><img decoding=\"async\" loading=\"lazy\" width=\"1024\" height=\"949\" data-id=\"504\"  src=\"http:\/\/avakaryapi.com\/wp-content\/uploads\/0794290359-1024x949.jpg\" alt=\"\" class=\"wp-image-504\" srcset=\"https:\/\/avakaryapi.com\/wp-content\/uploads\/0794290359-1024x949.jpg 1024w, https:\/\/avakaryapi.com\/wp-content\/uploads\/0794290359-300x278.jpg 300w, https:\/\/avakaryapi.com\/wp-content\/uploads\/0794290359-768x712.jpg 768w, https:\/\/avakaryapi.com\/wp-content\/uploads\/0794290359.jpg 1400w\" sizes=\"(max-width: 767px) 89vw, (max-width: 1000px) 54vw, (max-width: 1071px) 543px, 580px\" \/><\/figure>\n\n\n\n<figure class=\"wp-block-image size-large\"><img decoding=\"async\" loading=\"lazy\" width=\"1024\" height=\"949\" data-id=\"505\"  src=\"http:\/\/avakaryapi.com\/wp-content\/uploads\/1306426072-1024x949.jpg\" alt=\"\" class=\"wp-image-505\" srcset=\"https:\/\/avakaryapi.com\/wp-content\/uploads\/1306426072-1024x949.jpg 1024w, https:\/\/avakaryapi.com\/wp-content\/uploads\/1306426072-300x278.jpg 300w, https:\/\/avakaryapi.com\/wp-content\/uploads\/1306426072-768x712.jpg 768w, https:\/\/avakaryapi.com\/wp-content\/uploads\/1306426072.jpg 1400w\" sizes=\"(max-width: 767px) 89vw, (max-width: 1000px) 54vw, (max-width: 1071px) 543px, 580px\" \/><\/figure>\n\n\n\n<figure class=\"wp-block-image size-large\"><img decoding=\"async\" loading=\"lazy\" width=\"1024\" height=\"949\" data-id=\"506\"  src=\"http:\/\/avakaryapi.com\/wp-content\/uploads\/1515360516-1024x949.jpg\" alt=\"\" class=\"wp-image-506\" srcset=\"https:\/\/avakaryapi.com\/wp-content\/uploads\/1515360516-1024x949.jpg 1024w, https:\/\/avakaryapi.com\/wp-content\/uploads\/1515360516-300x278.jpg 300w, https:\/\/avakaryapi.com\/wp-content\/uploads\/1515360516-768x712.jpg 768w, https:\/\/avakaryapi.com\/wp-content\/uploads\/1515360516.jpg 1400w\" sizes=\"(max-width: 767px) 89vw, (max-width: 1000px) 54vw, (max-width: 1071px) 543px, 580px\" \/><\/figure>\n\n\n\n<figure class=\"wp-block-image size-large\"><img decoding=\"async\" loading=\"lazy\" width=\"1024\" height=\"949\" data-id=\"507\"  src=\"http:\/\/avakaryapi.com\/wp-content\/uploads\/1556176402-1024x949.jpg\" alt=\"\" class=\"wp-image-507\" srcset=\"https:\/\/avakaryapi.com\/wp-content\/uploads\/1556176402-1024x949.jpg 1024w, https:\/\/avakaryapi.com\/wp-content\/uploads\/1556176402-300x278.jpg 300w, https:\/\/avakaryapi.com\/wp-content\/uploads\/1556176402-768x712.jpg 768w, https:\/\/avakaryapi.com\/wp-content\/uploads\/1556176402.jpg 1400w\" sizes=\"(max-width: 767px) 89vw, (max-width: 1000px) 54vw, (max-width: 1071px) 543px, 580px\" \/><\/figure>\n\n\n\n<figure class=\"wp-block-image size-large\"><img decoding=\"async\" loading=\"lazy\" width=\"1024\" height=\"949\" data-id=\"508\"  src=\"http:\/\/avakaryapi.com\/wp-content\/uploads\/1804291164-1024x949.jpg\" alt=\"\" class=\"wp-image-508\" srcset=\"https:\/\/avakaryapi.com\/wp-content\/uploads\/1804291164-1024x949.jpg 1024w, https:\/\/avakaryapi.com\/wp-content\/uploads\/1804291164-300x278.jpg 300w, https:\/\/avakaryapi.com\/wp-content\/uploads\/1804291164-768x712.jpg 768w, https:\/\/avakaryapi.com\/wp-content\/uploads\/1804291164.jpg 1400w\" sizes=\"(max-width: 767px) 89vw, (max-width: 1000px) 54vw, (max-width: 1071px) 543px, 580px\" \/><\/figure>\n\n\n\n<figure class=\"wp-block-image size-large\"><img decoding=\"async\" loading=\"lazy\" width=\"1024\" height=\"949\" data-id=\"509\"  src=\"http:\/\/avakaryapi.com\/wp-content\/uploads\/1895623107-1024x949.jpg\" alt=\"\" class=\"wp-image-509\" srcset=\"https:\/\/avakaryapi.com\/wp-content\/uploads\/1895623107-1024x949.jpg 1024w, https:\/\/avakaryapi.com\/wp-content\/uploads\/1895623107-300x278.jpg 300w, https:\/\/avakaryapi.com\/wp-content\/uploads\/1895623107-768x712.jpg 768w, https:\/\/avakaryapi.com\/wp-content\/uploads\/1895623107.jpg 1400w\" sizes=\"(max-width: 767px) 89vw, (max-width: 1000px) 54vw, (max-width: 1071px) 543px, 580px\" \/><\/figure>\n\n\n\n<figure class=\"wp-block-image size-large\"><img decoding=\"async\" loading=\"lazy\" width=\"1024\" height=\"949\" data-id=\"511\"  src=\"http:\/\/avakaryapi.com\/wp-content\/uploads\/2397143466-1024x949.jpg\" alt=\"\" class=\"wp-image-511\" srcset=\"https:\/\/avakaryapi.com\/wp-content\/uploads\/2397143466-1024x949.jpg 1024w, https:\/\/avakaryapi.com\/wp-content\/uploads\/2397143466-300x278.jpg 300w, https:\/\/avakaryapi.com\/wp-content\/uploads\/2397143466-768x712.jpg 768w, https:\/\/avakaryapi.com\/wp-content\/uploads\/2397143466.jpg 1400w\" sizes=\"(max-width: 767px) 89vw, (max-width: 1000px) 54vw, (max-width: 1071px) 543px, 580px\" \/><\/figure>\n\n\n\n<figure class=\"wp-block-image size-large\"><img decoding=\"async\" loading=\"lazy\" width=\"1024\" height=\"949\" data-id=\"512\"  src=\"http:\/\/avakaryapi.com\/wp-content\/uploads\/2420112888-1024x949.jpg\" alt=\"\" class=\"wp-image-512\" srcset=\"https:\/\/avakaryapi.com\/wp-content\/uploads\/2420112888-1024x949.jpg 1024w, https:\/\/avakaryapi.com\/wp-content\/uploads\/2420112888-300x278.jpg 300w, https:\/\/avakaryapi.com\/wp-content\/uploads\/2420112888-768x712.jpg 768w, https:\/\/avakaryapi.com\/wp-content\/uploads\/2420112888.jpg 1400w\" sizes=\"(max-width: 767px) 89vw, (max-width: 1000px) 54vw, (max-width: 1071px) 543px, 580px\" \/><\/figure>\n\n\n\n<figure class=\"wp-block-image size-large\"><img decoding=\"async\" loading=\"lazy\" width=\"1024\" height=\"949\" data-id=\"513\"  src=\"http:\/\/avakaryapi.com\/wp-content\/uploads\/2694348867-1024x949.jpg\" alt=\"\" class=\"wp-image-513\" srcset=\"https:\/\/avakaryapi.com\/wp-content\/uploads\/2694348867-1024x949.jpg 1024w, https:\/\/avakaryapi.com\/wp-content\/uploads\/2694348867-300x278.jpg 300w, https:\/\/avakaryapi.com\/wp-content\/uploads\/2694348867-768x712.jpg 768w, https:\/\/avakaryapi.com\/wp-content\/uploads\/2694348867.jpg 1400w\" sizes=\"(max-width: 767px) 89vw, (max-width: 1000px) 54vw, (max-width: 1071px) 543px, 580px\" \/><\/figure>\n\n\n\n<figure class=\"wp-block-image size-large\"><img decoding=\"async\" loading=\"lazy\" width=\"1024\" height=\"949\" data-id=\"514\"  src=\"http:\/\/avakaryapi.com\/wp-content\/uploads\/2887103349-1024x949.jpg\" alt=\"\" class=\"wp-image-514\" srcset=\"https:\/\/avakaryapi.com\/wp-content\/uploads\/2887103349-1024x949.jpg 1024w, https:\/\/avakaryapi.com\/wp-content\/uploads\/2887103349-300x278.jpg 300w, https:\/\/avakaryapi.com\/wp-content\/uploads\/2887103349-768x712.jpg 768w, https:\/\/avakaryapi.com\/wp-content\/uploads\/2887103349.jpg 1400w\" sizes=\"(max-width: 767px) 89vw, (max-width: 1000px) 54vw, (max-width: 1071px) 543px, 580px\" \/><\/figure>\n\n\n\n<figure class=\"wp-block-image size-large\"><img decoding=\"async\" loading=\"lazy\" width=\"1024\" height=\"949\" data-id=\"515\"  src=\"http:\/\/avakaryapi.com\/wp-content\/uploads\/3027442353-1024x949.jpg\" alt=\"\" class=\"wp-image-515\" srcset=\"https:\/\/avakaryapi.com\/wp-content\/uploads\/3027442353-1024x949.jpg 1024w, https:\/\/avakaryapi.com\/wp-content\/uploads\/3027442353-300x278.jpg 300w, https:\/\/avakaryapi.com\/wp-content\/uploads\/3027442353-768x712.jpg 768w, https:\/\/avakaryapi.com\/wp-content\/uploads\/3027442353.jpg 1400w\" sizes=\"(max-width: 767px) 89vw, (max-width: 1000px) 54vw, (max-width: 1071px) 543px, 580px\" \/><\/figure>\n\n\n\n<figure class=\"wp-block-image size-large\"><img decoding=\"async\" loading=\"lazy\" width=\"1024\" height=\"949\" data-id=\"516\"  src=\"http:\/\/avakaryapi.com\/wp-content\/uploads\/3045655158-1024x949.jpg\" alt=\"\" class=\"wp-image-516\" srcset=\"https:\/\/avakaryapi.com\/wp-content\/uploads\/3045655158-1024x949.jpg 1024w, https:\/\/avakaryapi.com\/wp-content\/uploads\/3045655158-300x278.jpg 300w, https:\/\/avakaryapi.com\/wp-content\/uploads\/3045655158-768x712.jpg 768w, https:\/\/avakaryapi.com\/wp-content\/uploads\/3045655158.jpg 1400w\" sizes=\"(max-width: 767px) 89vw, (max-width: 1000px) 54vw, (max-width: 1071px) 543px, 580px\" \/><\/figure>\n\n\n\n<figure class=\"wp-block-image size-large\"><img decoding=\"async\" loading=\"lazy\" width=\"1024\" height=\"949\" data-id=\"517\"  src=\"http:\/\/avakaryapi.com\/wp-content\/uploads\/3429278609-1024x949.jpg\" alt=\"\" class=\"wp-image-517\" srcset=\"https:\/\/avakaryapi.com\/wp-content\/uploads\/3429278609-1024x949.jpg 1024w, https:\/\/avakaryapi.com\/wp-content\/uploads\/3429278609-300x278.jpg 300w, https:\/\/avakaryapi.com\/wp-content\/uploads\/3429278609-768x712.jpg 768w, https:\/\/avakaryapi.com\/wp-content\/uploads\/3429278609.jpg 1400w\" sizes=\"(max-width: 767px) 89vw, (max-width: 1000px) 54vw, (max-width: 1071px) 543px, 580px\" \/><\/figure>\n\n\n\n<figure class=\"wp-block-image size-large\"><img decoding=\"async\" loading=\"lazy\" width=\"1024\" height=\"949\" data-id=\"518\"  src=\"http:\/\/avakaryapi.com\/wp-content\/uploads\/3438523241-1024x949.jpg\" alt=\"\" class=\"wp-image-518\" srcset=\"https:\/\/avakaryapi.com\/wp-content\/uploads\/3438523241-1024x949.jpg 1024w, https:\/\/avakaryapi.com\/wp-content\/uploads\/3438523241-300x278.jpg 300w, https:\/\/avakaryapi.com\/wp-content\/uploads\/3438523241-768x712.jpg 768w, https:\/\/avakaryapi.com\/wp-content\/uploads\/3438523241.jpg 1400w\" sizes=\"(max-width: 767px) 89vw, (max-width: 1000px) 54vw, (max-width: 1071px) 543px, 580px\" \/><\/figure>\n\n\n\n<figure class=\"wp-block-image size-large\"><img decoding=\"async\" loading=\"lazy\" width=\"1024\" height=\"949\" data-id=\"519\"  src=\"http:\/\/avakaryapi.com\/wp-content\/uploads\/3576580631-1024x949.jpg\" alt=\"\" class=\"wp-image-519\" srcset=\"https:\/\/avakaryapi.com\/wp-content\/uploads\/3576580631-1024x949.jpg 1024w, https:\/\/avakaryapi.com\/wp-content\/uploads\/3576580631-300x278.jpg 300w, https:\/\/avakaryapi.com\/wp-content\/uploads\/3576580631-768x712.jpg 768w, https:\/\/avakaryapi.com\/wp-content\/uploads\/3576580631.jpg 1400w\" sizes=\"(max-width: 767px) 89vw, (max-width: 1000px) 54vw, (max-width: 1071px) 543px, 580px\" \/><\/figure>\n\n\n\n<figure class=\"wp-block-image size-large\"><img decoding=\"async\" loading=\"lazy\" width=\"1024\" height=\"949\" data-id=\"520\"  src=\"http:\/\/avakaryapi.com\/wp-content\/uploads\/3813053400-1024x949.jpg\" alt=\"\" class=\"wp-image-520\" srcset=\"https:\/\/avakaryapi.com\/wp-content\/uploads\/3813053400-1024x949.jpg 1024w, https:\/\/avakaryapi.com\/wp-content\/uploads\/3813053400-300x278.jpg 300w, https:\/\/avakaryapi.com\/wp-content\/uploads\/3813053400-768x712.jpg 768w, https:\/\/avakaryapi.com\/wp-content\/uploads\/3813053400.jpg 1400w\" sizes=\"(max-width: 767px) 89vw, (max-width: 1000px) 54vw, (max-width: 1071px) 543px, 580px\" \/><\/figure>\n\n\n\n<figure class=\"wp-block-image size-large\"><img decoding=\"async\" loading=\"lazy\" width=\"1024\" height=\"949\" data-id=\"521\"  src=\"http:\/\/avakaryapi.com\/wp-content\/uploads\/4109630103-1024x949.jpg\" alt=\"\" class=\"wp-image-521\" srcset=\"https:\/\/avakaryapi.com\/wp-content\/uploads\/4109630103-1024x949.jpg 1024w, https:\/\/avakaryapi.com\/wp-content\/uploads\/4109630103-300x278.jpg 300w, https:\/\/avakaryapi.com\/wp-content\/uploads\/4109630103-768x712.jpg 768w, https:\/\/avakaryapi.com\/wp-content\/uploads\/4109630103.jpg 1400w\" sizes=\"(max-width: 767px) 89vw, (max-width: 1000px) 54vw, (max-width: 1071px) 543px, 580px\" \/><\/figure>\n\n\n\n<figure class=\"wp-block-image size-large\"><img decoding=\"async\" loading=\"lazy\" width=\"1024\" height=\"949\" data-id=\"522\"  src=\"http:\/\/avakaryapi.com\/wp-content\/uploads\/4319709102-1024x949.jpg\" alt=\"\" class=\"wp-image-522\" srcset=\"https:\/\/avakaryapi.com\/wp-content\/uploads\/4319709102-1024x949.jpg 1024w, https:\/\/avakaryapi.com\/wp-content\/uploads\/4319709102-300x278.jpg 300w, https:\/\/avakaryapi.com\/wp-content\/uploads\/4319709102-768x712.jpg 768w, https:\/\/avakaryapi.com\/wp-content\/uploads\/4319709102.jpg 1400w\" sizes=\"(max-width: 767px) 89vw, (max-width: 1000px) 54vw, (max-width: 1071px) 543px, 580px\" \/><\/figure>\n\n\n\n<figure class=\"wp-block-image size-large\"><img decoding=\"async\" loading=\"lazy\" width=\"1024\" height=\"949\" data-id=\"523\"  src=\"http:\/\/avakaryapi.com\/wp-content\/uploads\/4340363445-1024x949.jpg\" alt=\"\" class=\"wp-image-523\" srcset=\"https:\/\/avakaryapi.com\/wp-content\/uploads\/4340363445-1024x949.jpg 1024w, https:\/\/avakaryapi.com\/wp-content\/uploads\/4340363445-300x278.jpg 300w, https:\/\/avakaryapi.com\/wp-content\/uploads\/4340363445-768x712.jpg 768w, https:\/\/avakaryapi.com\/wp-content\/uploads\/4340363445.jpg 1400w\" sizes=\"(max-width: 767px) 89vw, (max-width: 1000px) 54vw, (max-width: 1071px) 543px, 580px\" \/><\/figure>\n\n\n\n<figure class=\"wp-block-image size-large\"><img decoding=\"async\" loading=\"lazy\" width=\"1024\" height=\"949\" data-id=\"524\"  src=\"http:\/\/avakaryapi.com\/wp-content\/uploads\/4714970956-1024x949.jpg\" alt=\"\" class=\"wp-image-524\" srcset=\"https:\/\/avakaryapi.com\/wp-content\/uploads\/4714970956-1024x949.jpg 1024w, https:\/\/avakaryapi.com\/wp-content\/uploads\/4714970956-300x278.jpg 300w, https:\/\/avakaryapi.com\/wp-content\/uploads\/4714970956-768x712.jpg 768w, https:\/\/avakaryapi.com\/wp-content\/uploads\/4714970956.jpg 1400w\" sizes=\"(max-width: 767px) 89vw, (max-width: 1000px) 54vw, (max-width: 1071px) 543px, 580px\" \/><\/figure>\n\n\n\n<figure class=\"wp-block-image size-large\"><img decoding=\"async\" loading=\"lazy\" width=\"1024\" height=\"949\" data-id=\"525\"  src=\"http:\/\/avakaryapi.com\/wp-content\/uploads\/4751866313-1024x949.jpg\" alt=\"\" class=\"wp-image-525\" srcset=\"https:\/\/avakaryapi.com\/wp-content\/uploads\/4751866313-1024x949.jpg 1024w, https:\/\/avakaryapi.com\/wp-content\/uploads\/4751866313-300x278.jpg 300w, https:\/\/avakaryapi.com\/wp-content\/uploads\/4751866313-768x712.jpg 768w, https:\/\/avakaryapi.com\/wp-content\/uploads\/4751866313.jpg 1400w\" sizes=\"(max-width: 767px) 89vw, (max-width: 1000px) 54vw, (max-width: 1071px) 543px, 580px\" \/><\/figure>\n\n\n\n<figure class=\"wp-block-image size-large\"><img decoding=\"async\" loading=\"lazy\" width=\"1024\" height=\"949\" data-id=\"526\"  src=\"http:\/\/avakaryapi.com\/wp-content\/uploads\/5762172927-1024x949.jpg\" alt=\"\" class=\"wp-image-526\" srcset=\"https:\/\/avakaryapi.com\/wp-content\/uploads\/5762172927-1024x949.jpg 1024w, https:\/\/avakaryapi.com\/wp-content\/uploads\/5762172927-300x278.jpg 300w, https:\/\/avakaryapi.com\/wp-content\/uploads\/5762172927-768x712.jpg 768w, https:\/\/avakaryapi.com\/wp-content\/uploads\/5762172927.jpg 1400w\" sizes=\"(max-width: 767px) 89vw, (max-width: 1000px) 54vw, (max-width: 1071px) 543px, 580px\" \/><\/figure>\n\n\n\n<figure class=\"wp-block-image size-large\"><img decoding=\"async\" loading=\"lazy\" width=\"1024\" height=\"949\" data-id=\"527\"  src=\"http:\/\/avakaryapi.com\/wp-content\/uploads\/5798826052-1024x949.jpg\" alt=\"\" class=\"wp-image-527\" srcset=\"https:\/\/avakaryapi.com\/wp-content\/uploads\/5798826052-1024x949.jpg 1024w, https:\/\/avakaryapi.com\/wp-content\/uploads\/5798826052-300x278.jpg 300w, https:\/\/avakaryapi.com\/wp-content\/uploads\/5798826052-768x712.jpg 768w, https:\/\/avakaryapi.com\/wp-content\/uploads\/5798826052.jpg 1400w\" sizes=\"(max-width: 767px) 89vw, (max-width: 1000px) 54vw, (max-width: 1071px) 543px, 580px\" \/><\/figure>\n\n\n\n<figure class=\"wp-block-image size-large\"><img decoding=\"async\" loading=\"lazy\" width=\"1024\" height=\"949\" data-id=\"528\"  src=\"http:\/\/avakaryapi.com\/wp-content\/uploads\/5819075496-1024x949.jpg\" alt=\"\" class=\"wp-image-528\" srcset=\"https:\/\/avakaryapi.com\/wp-content\/uploads\/5819075496-1024x949.jpg 1024w, https:\/\/avakaryapi.com\/wp-content\/uploads\/5819075496-300x278.jpg 300w, https:\/\/avakaryapi.com\/wp-content\/uploads\/5819075496-768x712.jpg 768w, https:\/\/avakaryapi.com\/wp-content\/uploads\/5819075496.jpg 1400w\" sizes=\"(max-width: 767px) 89vw, (max-width: 1000px) 54vw, (max-width: 1071px) 543px, 580px\" \/><\/figure>\n\n\n\n<figure class=\"wp-block-image size-large\"><img decoding=\"async\" loading=\"lazy\" width=\"1024\" height=\"949\" data-id=\"529\"  src=\"http:\/\/avakaryapi.com\/wp-content\/uploads\/5871923476-1024x949.jpg\" alt=\"\" class=\"wp-image-529\" srcset=\"https:\/\/avakaryapi.com\/wp-content\/uploads\/5871923476-1024x949.jpg 1024w, https:\/\/avakaryapi.com\/wp-content\/uploads\/5871923476-300x278.jpg 300w, https:\/\/avakaryapi.com\/wp-content\/uploads\/5871923476-768x712.jpg 768w, https:\/\/avakaryapi.com\/wp-content\/uploads\/5871923476.jpg 1400w\" sizes=\"(max-width: 767px) 89vw, (max-width: 1000px) 54vw, (max-width: 1071px) 543px, 580px\" \/><\/figure>\n\n\n\n<figure class=\"wp-block-image size-large\"><img decoding=\"async\" loading=\"lazy\" width=\"1024\" height=\"949\" data-id=\"530\"  src=\"http:\/\/avakaryapi.com\/wp-content\/uploads\/5941069036-1024x949.jpg\" alt=\"\" class=\"wp-image-530\" srcset=\"https:\/\/avakaryapi.com\/wp-content\/uploads\/5941069036-1024x949.jpg 1024w, https:\/\/avakaryapi.com\/wp-content\/uploads\/5941069036-300x278.jpg 300w, https:\/\/avakaryapi.com\/wp-content\/uploads\/5941069036-768x712.jpg 768w, https:\/\/avakaryapi.com\/wp-content\/uploads\/5941069036.jpg 1400w\" sizes=\"(max-width: 767px) 89vw, (max-width: 1000px) 54vw, (max-width: 1071px) 543px, 580px\" \/><\/figure>\n\n\n\n<figure class=\"wp-block-image size-large\"><img decoding=\"async\" loading=\"lazy\" width=\"1024\" height=\"949\" data-id=\"531\"  src=\"http:\/\/avakaryapi.com\/wp-content\/uploads\/6901525756-1024x949.jpg\" alt=\"\" class=\"wp-image-531\" srcset=\"https:\/\/avakaryapi.com\/wp-content\/uploads\/6901525756-1024x949.jpg 1024w, https:\/\/avakaryapi.com\/wp-content\/uploads\/6901525756-300x278.jpg 300w, https:\/\/avakaryapi.com\/wp-content\/uploads\/6901525756-768x712.jpg 768w, https:\/\/avakaryapi.com\/wp-content\/uploads\/6901525756.jpg 1400w\" sizes=\"(max-width: 767px) 89vw, (max-width: 1000px) 54vw, (max-width: 1071px) 543px, 580px\" \/><\/figure>\n\n\n\n<figure class=\"wp-block-image size-large\"><img decoding=\"async\" loading=\"lazy\" width=\"1024\" height=\"949\" data-id=\"532\"  src=\"http:\/\/avakaryapi.com\/wp-content\/uploads\/6917559076-1024x949.jpg\" alt=\"\" class=\"wp-image-532\" srcset=\"https:\/\/avakaryapi.com\/wp-content\/uploads\/6917559076-1024x949.jpg 1024w, https:\/\/avakaryapi.com\/wp-content\/uploads\/6917559076-300x278.jpg 300w, https:\/\/avakaryapi.com\/wp-content\/uploads\/6917559076-768x712.jpg 768w, https:\/\/avakaryapi.com\/wp-content\/uploads\/6917559076.jpg 1400w\" sizes=\"(max-width: 767px) 89vw, (max-width: 1000px) 54vw, (max-width: 1071px) 543px, 580px\" \/><\/figure>\n\n\n\n<figure class=\"wp-block-image size-large\"><img decoding=\"async\" loading=\"lazy\" width=\"1024\" height=\"949\" data-id=\"533\"  src=\"http:\/\/avakaryapi.com\/wp-content\/uploads\/7277876660-1024x949.jpg\" alt=\"\" class=\"wp-image-533\" srcset=\"https:\/\/avakaryapi.com\/wp-content\/uploads\/7277876660-1024x949.jpg 1024w, https:\/\/avakaryapi.com\/wp-content\/uploads\/7277876660-300x278.jpg 300w, https:\/\/avakaryapi.com\/wp-content\/uploads\/7277876660-768x712.jpg 768w, https:\/\/avakaryapi.com\/wp-content\/uploads\/7277876660.jpg 1400w\" sizes=\"(max-width: 767px) 89vw, (max-width: 1000px) 54vw, (max-width: 1071px) 543px, 580px\" \/><\/figure>\n\n\n\n<figure class=\"wp-block-image size-large\"><img decoding=\"async\" loading=\"lazy\" width=\"1024\" height=\"949\" data-id=\"534\"  src=\"http:\/\/avakaryapi.com\/wp-content\/uploads\/7565086287-1024x949.jpg\" alt=\"\" class=\"wp-image-534\" srcset=\"https:\/\/avakaryapi.com\/wp-content\/uploads\/7565086287-1024x949.jpg 1024w, https:\/\/avakaryapi.com\/wp-content\/uploads\/7565086287-300x278.jpg 300w, https:\/\/avakaryapi.com\/wp-content\/uploads\/7565086287-768x712.jpg 768w, https:\/\/avakaryapi.com\/wp-content\/uploads\/7565086287.jpg 1400w\" sizes=\"(max-width: 767px) 89vw, (max-width: 1000px) 54vw, (max-width: 1071px) 543px, 580px\" \/><\/figure>\n\n\n\n<figure class=\"wp-block-image size-large\"><img decoding=\"async\" loading=\"lazy\" width=\"1024\" height=\"949\" data-id=\"535\"  src=\"http:\/\/avakaryapi.com\/wp-content\/uploads\/8006571829-1024x949.jpg\" alt=\"\" class=\"wp-image-535\" srcset=\"https:\/\/avakaryapi.com\/wp-content\/uploads\/8006571829-1024x949.jpg 1024w, https:\/\/avakaryapi.com\/wp-content\/uploads\/8006571829-300x278.jpg 300w, https:\/\/avakaryapi.com\/wp-content\/uploads\/8006571829-768x712.jpg 768w, https:\/\/avakaryapi.com\/wp-content\/uploads\/8006571829.jpg 1400w\" sizes=\"(max-width: 767px) 89vw, (max-width: 1000px) 54vw, (max-width: 1071px) 543px, 580px\" \/><\/figure>\n\n\n\n<figure class=\"wp-block-image size-large\"><img decoding=\"async\" loading=\"lazy\" width=\"1024\" height=\"949\" data-id=\"536\"  src=\"http:\/\/avakaryapi.com\/wp-content\/uploads\/8584238815-1024x949.jpg\" alt=\"\" class=\"wp-image-536\" srcset=\"https:\/\/avakaryapi.com\/wp-content\/uploads\/8584238815-1024x949.jpg 1024w, https:\/\/avakaryapi.com\/wp-content\/uploads\/8584238815-300x278.jpg 300w, https:\/\/avakaryapi.com\/wp-content\/uploads\/8584238815-768x712.jpg 768w, https:\/\/avakaryapi.com\/wp-content\/uploads\/8584238815.jpg 1400w\" sizes=\"(max-width: 767px) 89vw, (max-width: 1000px) 54vw, (max-width: 1071px) 543px, 580px\" \/><\/figure>\n\n\n\n<figure class=\"wp-block-image size-large\"><img decoding=\"async\" loading=\"lazy\" width=\"1024\" height=\"949\" data-id=\"537\"  src=\"http:\/\/avakaryapi.com\/wp-content\/uploads\/8683162366-1024x949.jpg\" alt=\"\" class=\"wp-image-537\" srcset=\"https:\/\/avakaryapi.com\/wp-content\/uploads\/8683162366-1024x949.jpg 1024w, https:\/\/avakaryapi.com\/wp-content\/uploads\/8683162366-300x278.jpg 300w, https:\/\/avakaryapi.com\/wp-content\/uploads\/8683162366-768x712.jpg 768w, https:\/\/avakaryapi.com\/wp-content\/uploads\/8683162366.jpg 1400w\" sizes=\"(max-width: 767px) 89vw, (max-width: 1000px) 54vw, (max-width: 1071px) 543px, 580px\" \/><\/figure>\n\n\n\n<figure class=\"wp-block-image size-large\"><img decoding=\"async\" loading=\"lazy\" width=\"1024\" height=\"949\" data-id=\"538\"  src=\"http:\/\/avakaryapi.com\/wp-content\/uploads\/8837134709-1024x949.jpg\" alt=\"\" class=\"wp-image-538\" srcset=\"https:\/\/avakaryapi.com\/wp-content\/uploads\/8837134709-1024x949.jpg 1024w, https:\/\/avakaryapi.com\/wp-content\/uploads\/8837134709-300x278.jpg 300w, https:\/\/avakaryapi.com\/wp-content\/uploads\/8837134709-768x712.jpg 768w, https:\/\/avakaryapi.com\/wp-content\/uploads\/8837134709.jpg 1400w\" sizes=\"(max-width: 767px) 89vw, (max-width: 1000px) 54vw, (max-width: 1071px) 543px, 580px\" \/><\/figure>\n\n\n\n<figure class=\"wp-block-image size-large\"><img decoding=\"async\" loading=\"lazy\" width=\"1024\" height=\"949\" data-id=\"539\"  src=\"http:\/\/avakaryapi.com\/wp-content\/uploads\/9055322100-1024x949.jpg\" alt=\"\" class=\"wp-image-539\" srcset=\"https:\/\/avakaryapi.com\/wp-content\/uploads\/9055322100-1024x949.jpg 1024w, https:\/\/avakaryapi.com\/wp-content\/uploads\/9055322100-300x278.jpg 300w, https:\/\/avakaryapi.com\/wp-content\/uploads\/9055322100-768x712.jpg 768w, https:\/\/avakaryapi.com\/wp-content\/uploads\/9055322100.jpg 1400w\" sizes=\"(max-width: 767px) 89vw, (max-width: 1000px) 54vw, (max-width: 1071px) 543px, 580px\" \/><\/figure>\n\n\n\n<figure class=\"wp-block-image size-large\"><img decoding=\"async\" loading=\"lazy\" width=\"1024\" height=\"949\" data-id=\"540\"  src=\"http:\/\/avakaryapi.com\/wp-content\/uploads\/9083313817-1024x949.jpg\" alt=\"\" class=\"wp-image-540\" srcset=\"https:\/\/avakaryapi.com\/wp-content\/uploads\/9083313817-1024x949.jpg 1024w, https:\/\/avakaryapi.com\/wp-content\/uploads\/9083313817-300x278.jpg 300w, https:\/\/avakaryapi.com\/wp-content\/uploads\/9083313817-768x712.jpg 768w, https:\/\/avakaryapi.com\/wp-content\/uploads\/9083313817.jpg 1400w\" sizes=\"(max-width: 767px) 89vw, (max-width: 1000px) 54vw, (max-width: 1071px) 543px, 580px\" \/><\/figure>\n<\/figure>\n","protected":false},"excerpt":{"rendered":"<p>T\u00fcm al\u00e7\u0131 \u00fcr\u00fcnlerimizin uygulamalar\u0131 ve teknik kesitleri.<\/p>\n","protected":false},"author":1,"featured_media":534,"parent":0,"menu_order":0,"comment_status":"closed","ping_status":"closed","template":"","meta":[],"_links":{"self":[{"href":"https:\/\/avakaryapi.com\/index.php\/wp-json\/wp\/v2\/pages\/213"}],"collection":[{"href":"https:\/\/avakaryapi.com\/index.php\/wp-json\/wp\/v2\/pages"}],"about":[{"href":"https:\/\/avakaryapi.com\/index.php\/wp-json\/wp\/v2\/types\/page"}],"author":[{"embeddable":true,"href":"https:\/\/avakaryapi.com\/index.php\/wp-json\/wp\/v2\/users\/1"}],"replies":[{"embeddable":true,"href":"https:\/\/avakaryapi.com\/index.php\/wp-json\/wp\/v2\/comments?post=213"}],"version-history":[{"count":3,"href":"https:\/\/avakaryapi.com\/index.php\/wp-json\/wp\/v2\/pages\/213\/revisions"}],"predecessor-version":[{"id":541,"href":"https:\/\/avakaryapi.com\/index.php\/wp-json\/wp\/v2\/pages\/213\/revisions\/541"}],"wp:featuredmedia":[{"embeddable":true,"href":"https:\/\/avakaryapi.com\/index.php\/wp-json\/wp\/v2\/media\/534"}],"wp:attachment":[{"href":"https:\/\/avakaryapi.com\/index.php\/wp-json\/wp\/v2\/media?parent=213"}],"curies":[{"name":"wp","href":"https:\/\/api.w.org\/{rel}","templated":true}]}}