{"id":181,"date":"2019-05-16T16:41:59","date_gmt":"2019-05-16T13:41:59","guid":{"rendered":"http:\/\/avakaryapi.com\/?page_id=181"},"modified":"2023-04-29T18:10:41","modified_gmt":"2023-04-29T15:10:41","slug":"ring-serisi","status":"publish","type":"page","link":"https:\/\/avakaryapi.com\/index.php\/ring-serisi\/","title":{"rendered":"Ring Serisi"},"content":{"rendered":"\n<p>Desenli, kabartma desenli, desensiz, fig\u00fcratif ve esnek hatl\u0131 al\u00e7\u0131 kartonpiyer<br> g\u00f6bekleri ve tavan s\u00fcsleme grubu.<\/p>\n\n\n\n<figure class=\"wp-block-gallery has-nested-images columns-default is-cropped wp-block-gallery-1 is-layout-flex\">\n<figure class=\"wp-block-image size-large\"><img decoding=\"async\" loading=\"lazy\" width=\"1024\" height=\"949\" data-id=\"477\"  src=\"http:\/\/avakaryapi.com\/wp-content\/uploads\/0720010642-1024x949.jpg\" alt=\"\" class=\"wp-image-477\" srcset=\"https:\/\/avakaryapi.com\/wp-content\/uploads\/0720010642-1024x949.jpg 1024w, https:\/\/avakaryapi.com\/wp-content\/uploads\/0720010642-300x278.jpg 300w, https:\/\/avakaryapi.com\/wp-content\/uploads\/0720010642-768x712.jpg 768w, https:\/\/avakaryapi.com\/wp-content\/uploads\/0720010642.jpg 1400w\" sizes=\"(max-width: 767px) 89vw, (max-width: 1000px) 54vw, (max-width: 1071px) 543px, 580px\" \/><\/figure>\n\n\n\n<figure class=\"wp-block-image size-large\"><img decoding=\"async\" loading=\"lazy\" width=\"1024\" height=\"949\" data-id=\"478\"  src=\"http:\/\/avakaryapi.com\/wp-content\/uploads\/1156497030-1024x949.jpg\" alt=\"\" class=\"wp-image-478\" srcset=\"https:\/\/avakaryapi.com\/wp-content\/uploads\/1156497030-1024x949.jpg 1024w, https:\/\/avakaryapi.com\/wp-content\/uploads\/1156497030-300x278.jpg 300w, https:\/\/avakaryapi.com\/wp-content\/uploads\/1156497030-768x712.jpg 768w, https:\/\/avakaryapi.com\/wp-content\/uploads\/1156497030.jpg 1400w\" sizes=\"(max-width: 767px) 89vw, (max-width: 1000px) 54vw, (max-width: 1071px) 543px, 580px\" \/><\/figure>\n\n\n\n<figure class=\"wp-block-image size-large\"><img decoding=\"async\" loading=\"lazy\" width=\"1024\" height=\"949\" data-id=\"479\"  src=\"http:\/\/avakaryapi.com\/wp-content\/uploads\/1585607570-1024x949.jpg\" alt=\"\" class=\"wp-image-479\" srcset=\"https:\/\/avakaryapi.com\/wp-content\/uploads\/1585607570-1024x949.jpg 1024w, https:\/\/avakaryapi.com\/wp-content\/uploads\/1585607570-300x278.jpg 300w, https:\/\/avakaryapi.com\/wp-content\/uploads\/1585607570-768x712.jpg 768w, https:\/\/avakaryapi.com\/wp-content\/uploads\/1585607570.jpg 1400w\" sizes=\"(max-width: 767px) 89vw, (max-width: 1000px) 54vw, (max-width: 1071px) 543px, 580px\" \/><\/figure>\n\n\n\n<figure class=\"wp-block-image size-large\"><img decoding=\"async\" loading=\"lazy\" width=\"1024\" height=\"949\" data-id=\"480\"  src=\"http:\/\/avakaryapi.com\/wp-content\/uploads\/1753711653-1024x949.jpg\" alt=\"\" class=\"wp-image-480\" srcset=\"https:\/\/avakaryapi.com\/wp-content\/uploads\/1753711653-1024x949.jpg 1024w, https:\/\/avakaryapi.com\/wp-content\/uploads\/1753711653-300x278.jpg 300w, https:\/\/avakaryapi.com\/wp-content\/uploads\/1753711653-768x712.jpg 768w, https:\/\/avakaryapi.com\/wp-content\/uploads\/1753711653.jpg 1400w\" sizes=\"(max-width: 767px) 89vw, (max-width: 1000px) 54vw, (max-width: 1071px) 543px, 580px\" \/><\/figure>\n\n\n\n<figure class=\"wp-block-image size-large\"><img decoding=\"async\" loading=\"lazy\" width=\"1024\" height=\"949\" data-id=\"482\"  src=\"http:\/\/avakaryapi.com\/wp-content\/uploads\/2310326482-1024x949.jpg\" alt=\"\" class=\"wp-image-482\" srcset=\"https:\/\/avakaryapi.com\/wp-content\/uploads\/2310326482-1024x949.jpg 1024w, https:\/\/avakaryapi.com\/wp-content\/uploads\/2310326482-300x278.jpg 300w, https:\/\/avakaryapi.com\/wp-content\/uploads\/2310326482-768x712.jpg 768w, https:\/\/avakaryapi.com\/wp-content\/uploads\/2310326482.jpg 1400w\" sizes=\"(max-width: 767px) 89vw, (max-width: 1000px) 54vw, (max-width: 1071px) 543px, 580px\" \/><\/figure>\n\n\n\n<figure class=\"wp-block-image size-large\"><img decoding=\"async\" loading=\"lazy\" width=\"1024\" height=\"949\" data-id=\"483\"  src=\"http:\/\/avakaryapi.com\/wp-content\/uploads\/2360006926-1024x949.jpg\" alt=\"\" class=\"wp-image-483\" srcset=\"https:\/\/avakaryapi.com\/wp-content\/uploads\/2360006926-1024x949.jpg 1024w, https:\/\/avakaryapi.com\/wp-content\/uploads\/2360006926-300x278.jpg 300w, https:\/\/avakaryapi.com\/wp-content\/uploads\/2360006926-768x712.jpg 768w, https:\/\/avakaryapi.com\/wp-content\/uploads\/2360006926.jpg 1400w\" sizes=\"(max-width: 767px) 89vw, (max-width: 1000px) 54vw, (max-width: 1071px) 543px, 580px\" \/><\/figure>\n\n\n\n<figure class=\"wp-block-image size-large\"><img decoding=\"async\" loading=\"lazy\" width=\"1024\" height=\"949\" data-id=\"484\"  src=\"http:\/\/avakaryapi.com\/wp-content\/uploads\/3044045902-1024x949.jpg\" alt=\"\" class=\"wp-image-484\" srcset=\"https:\/\/avakaryapi.com\/wp-content\/uploads\/3044045902-1024x949.jpg 1024w, https:\/\/avakaryapi.com\/wp-content\/uploads\/3044045902-300x278.jpg 300w, https:\/\/avakaryapi.com\/wp-content\/uploads\/3044045902-768x712.jpg 768w, https:\/\/avakaryapi.com\/wp-content\/uploads\/3044045902.jpg 1400w\" sizes=\"(max-width: 767px) 89vw, (max-width: 1000px) 54vw, (max-width: 1071px) 543px, 580px\" \/><\/figure>\n\n\n\n<figure class=\"wp-block-image size-large\"><img decoding=\"async\" loading=\"lazy\" width=\"1024\" height=\"949\" data-id=\"485\"  src=\"http:\/\/avakaryapi.com\/wp-content\/uploads\/3201891726-1024x949.jpg\" alt=\"\" class=\"wp-image-485\" srcset=\"https:\/\/avakaryapi.com\/wp-content\/uploads\/3201891726-1024x949.jpg 1024w, https:\/\/avakaryapi.com\/wp-content\/uploads\/3201891726-300x278.jpg 300w, https:\/\/avakaryapi.com\/wp-content\/uploads\/3201891726-768x712.jpg 768w, https:\/\/avakaryapi.com\/wp-content\/uploads\/3201891726.jpg 1400w\" sizes=\"(max-width: 767px) 89vw, (max-width: 1000px) 54vw, (max-width: 1071px) 543px, 580px\" \/><\/figure>\n\n\n\n<figure class=\"wp-block-image size-large\"><img decoding=\"async\" loading=\"lazy\" width=\"1024\" height=\"949\" data-id=\"486\"  src=\"http:\/\/avakaryapi.com\/wp-content\/uploads\/3311296545-1024x949.jpg\" alt=\"\" class=\"wp-image-486\" srcset=\"https:\/\/avakaryapi.com\/wp-content\/uploads\/3311296545-1024x949.jpg 1024w, https:\/\/avakaryapi.com\/wp-content\/uploads\/3311296545-300x278.jpg 300w, https:\/\/avakaryapi.com\/wp-content\/uploads\/3311296545-768x712.jpg 768w, https:\/\/avakaryapi.com\/wp-content\/uploads\/3311296545.jpg 1400w\" sizes=\"(max-width: 767px) 89vw, (max-width: 1000px) 54vw, (max-width: 1071px) 543px, 580px\" \/><\/figure>\n\n\n\n<figure class=\"wp-block-image size-large\"><img decoding=\"async\" loading=\"lazy\" width=\"1024\" height=\"949\" data-id=\"487\"  src=\"http:\/\/avakaryapi.com\/wp-content\/uploads\/3402283278-1024x949.jpg\" alt=\"\" class=\"wp-image-487\" srcset=\"https:\/\/avakaryapi.com\/wp-content\/uploads\/3402283278-1024x949.jpg 1024w, https:\/\/avakaryapi.com\/wp-content\/uploads\/3402283278-300x278.jpg 300w, https:\/\/avakaryapi.com\/wp-content\/uploads\/3402283278-768x712.jpg 768w, https:\/\/avakaryapi.com\/wp-content\/uploads\/3402283278.jpg 1400w\" sizes=\"(max-width: 767px) 89vw, (max-width: 1000px) 54vw, (max-width: 1071px) 543px, 580px\" \/><\/figure>\n\n\n\n<figure class=\"wp-block-image size-large\"><img decoding=\"async\" loading=\"lazy\" width=\"1024\" height=\"949\" data-id=\"488\"  src=\"http:\/\/avakaryapi.com\/wp-content\/uploads\/4682699209-1024x949.jpg\" alt=\"\" class=\"wp-image-488\" srcset=\"https:\/\/avakaryapi.com\/wp-content\/uploads\/4682699209-1024x949.jpg 1024w, https:\/\/avakaryapi.com\/wp-content\/uploads\/4682699209-300x278.jpg 300w, https:\/\/avakaryapi.com\/wp-content\/uploads\/4682699209-768x712.jpg 768w, https:\/\/avakaryapi.com\/wp-content\/uploads\/4682699209.jpg 1400w\" sizes=\"(max-width: 767px) 89vw, (max-width: 1000px) 54vw, (max-width: 1071px) 543px, 580px\" \/><\/figure>\n\n\n\n<figure class=\"wp-block-image size-large\"><img decoding=\"async\" loading=\"lazy\" width=\"1024\" height=\"949\" data-id=\"489\"  src=\"http:\/\/avakaryapi.com\/wp-content\/uploads\/5232555871-1024x949.jpg\" alt=\"\" class=\"wp-image-489\" srcset=\"https:\/\/avakaryapi.com\/wp-content\/uploads\/5232555871-1024x949.jpg 1024w, https:\/\/avakaryapi.com\/wp-content\/uploads\/5232555871-300x278.jpg 300w, https:\/\/avakaryapi.com\/wp-content\/uploads\/5232555871-768x712.jpg 768w, https:\/\/avakaryapi.com\/wp-content\/uploads\/5232555871.jpg 1400w\" sizes=\"(max-width: 767px) 89vw, (max-width: 1000px) 54vw, (max-width: 1071px) 543px, 580px\" \/><\/figure>\n\n\n\n<figure class=\"wp-block-image size-large\"><img decoding=\"async\" loading=\"lazy\" width=\"1024\" height=\"949\" data-id=\"490\"  src=\"http:\/\/avakaryapi.com\/wp-content\/uploads\/6347859873-1024x949.jpg\" alt=\"\" class=\"wp-image-490\" srcset=\"https:\/\/avakaryapi.com\/wp-content\/uploads\/6347859873-1024x949.jpg 1024w, https:\/\/avakaryapi.com\/wp-content\/uploads\/6347859873-300x278.jpg 300w, https:\/\/avakaryapi.com\/wp-content\/uploads\/6347859873-768x712.jpg 768w, https:\/\/avakaryapi.com\/wp-content\/uploads\/6347859873.jpg 1400w\" sizes=\"(max-width: 767px) 89vw, (max-width: 1000px) 54vw, (max-width: 1071px) 543px, 580px\" \/><\/figure>\n\n\n\n<figure class=\"wp-block-image size-large\"><img decoding=\"async\" loading=\"lazy\" width=\"1024\" height=\"949\" data-id=\"491\"  src=\"http:\/\/avakaryapi.com\/wp-content\/uploads\/7197956828-1024x949.jpg\" alt=\"\" class=\"wp-image-491\" srcset=\"https:\/\/avakaryapi.com\/wp-content\/uploads\/7197956828-1024x949.jpg 1024w, https:\/\/avakaryapi.com\/wp-content\/uploads\/7197956828-300x278.jpg 300w, https:\/\/avakaryapi.com\/wp-content\/uploads\/7197956828-768x712.jpg 768w, https:\/\/avakaryapi.com\/wp-content\/uploads\/7197956828.jpg 1400w\" sizes=\"(max-width: 767px) 89vw, (max-width: 1000px) 54vw, (max-width: 1071px) 543px, 580px\" \/><\/figure>\n\n\n\n<figure class=\"wp-block-image size-large\"><img decoding=\"async\" loading=\"lazy\" width=\"1024\" height=\"949\" data-id=\"492\"  src=\"http:\/\/avakaryapi.com\/wp-content\/uploads\/7345109609-1024x949.jpg\" alt=\"\" class=\"wp-image-492\" srcset=\"https:\/\/avakaryapi.com\/wp-content\/uploads\/7345109609-1024x949.jpg 1024w, https:\/\/avakaryapi.com\/wp-content\/uploads\/7345109609-300x278.jpg 300w, https:\/\/avakaryapi.com\/wp-content\/uploads\/7345109609-768x712.jpg 768w, https:\/\/avakaryapi.com\/wp-content\/uploads\/7345109609.jpg 1400w\" sizes=\"(max-width: 767px) 89vw, (max-width: 1000px) 54vw, (max-width: 1071px) 543px, 580px\" \/><\/figure>\n\n\n\n<figure class=\"wp-block-image size-large\"><img decoding=\"async\" loading=\"lazy\" width=\"1024\" height=\"949\" data-id=\"493\"  src=\"http:\/\/avakaryapi.com\/wp-content\/uploads\/7944128834-1024x949.jpg\" alt=\"\" class=\"wp-image-493\" srcset=\"https:\/\/avakaryapi.com\/wp-content\/uploads\/7944128834-1024x949.jpg 1024w, https:\/\/avakaryapi.com\/wp-content\/uploads\/7944128834-300x278.jpg 300w, https:\/\/avakaryapi.com\/wp-content\/uploads\/7944128834-768x712.jpg 768w, https:\/\/avakaryapi.com\/wp-content\/uploads\/7944128834.jpg 1400w\" sizes=\"(max-width: 767px) 89vw, (max-width: 1000px) 54vw, (max-width: 1071px) 543px, 580px\" \/><\/figure>\n\n\n\n<figure class=\"wp-block-image size-large\"><img decoding=\"async\" loading=\"lazy\" width=\"1024\" height=\"949\" data-id=\"494\"  src=\"http:\/\/avakaryapi.com\/wp-content\/uploads\/7951151558-1024x949.jpg\" alt=\"\" class=\"wp-image-494\" srcset=\"https:\/\/avakaryapi.com\/wp-content\/uploads\/7951151558-1024x949.jpg 1024w, https:\/\/avakaryapi.com\/wp-content\/uploads\/7951151558-300x278.jpg 300w, https:\/\/avakaryapi.com\/wp-content\/uploads\/7951151558-768x712.jpg 768w, https:\/\/avakaryapi.com\/wp-content\/uploads\/7951151558.jpg 1400w\" sizes=\"(max-width: 767px) 89vw, (max-width: 1000px) 54vw, (max-width: 1071px) 543px, 580px\" \/><\/figure>\n\n\n\n<figure class=\"wp-block-image size-large\"><img decoding=\"async\" loading=\"lazy\" width=\"1024\" height=\"949\" data-id=\"495\"  src=\"http:\/\/avakaryapi.com\/wp-content\/uploads\/8193635442-1024x949.jpg\" alt=\"\" class=\"wp-image-495\" srcset=\"https:\/\/avakaryapi.com\/wp-content\/uploads\/8193635442-1024x949.jpg 1024w, https:\/\/avakaryapi.com\/wp-content\/uploads\/8193635442-300x278.jpg 300w, https:\/\/avakaryapi.com\/wp-content\/uploads\/8193635442-768x712.jpg 768w, https:\/\/avakaryapi.com\/wp-content\/uploads\/8193635442.jpg 1400w\" sizes=\"(max-width: 767px) 89vw, (max-width: 1000px) 54vw, (max-width: 1071px) 543px, 580px\" \/><\/figure>\n\n\n\n<figure class=\"wp-block-image size-large\"><img decoding=\"async\" loading=\"lazy\" width=\"1024\" height=\"949\" data-id=\"496\"  src=\"http:\/\/avakaryapi.com\/wp-content\/uploads\/8952090242-1024x949.jpg\" alt=\"\" class=\"wp-image-496\" srcset=\"https:\/\/avakaryapi.com\/wp-content\/uploads\/8952090242-1024x949.jpg 1024w, https:\/\/avakaryapi.com\/wp-content\/uploads\/8952090242-300x278.jpg 300w, https:\/\/avakaryapi.com\/wp-content\/uploads\/8952090242-768x712.jpg 768w, https:\/\/avakaryapi.com\/wp-content\/uploads\/8952090242.jpg 1400w\" sizes=\"(max-width: 767px) 89vw, (max-width: 1000px) 54vw, (max-width: 1071px) 543px, 580px\" \/><\/figure>\n\n\n\n<figure class=\"wp-block-image size-large\"><img decoding=\"async\" loading=\"lazy\" width=\"1024\" height=\"949\" data-id=\"497\"  src=\"http:\/\/avakaryapi.com\/wp-content\/uploads\/8980827190-1024x949.jpg\" alt=\"\" class=\"wp-image-497\" srcset=\"https:\/\/avakaryapi.com\/wp-content\/uploads\/8980827190-1024x949.jpg 1024w, https:\/\/avakaryapi.com\/wp-content\/uploads\/8980827190-300x278.jpg 300w, https:\/\/avakaryapi.com\/wp-content\/uploads\/8980827190-768x712.jpg 768w, https:\/\/avakaryapi.com\/wp-content\/uploads\/8980827190.jpg 1400w\" sizes=\"(max-width: 767px) 89vw, (max-width: 1000px) 54vw, (max-width: 1071px) 543px, 580px\" \/><\/figure>\n\n\n\n<figure class=\"wp-block-image size-large\"><img decoding=\"async\" loading=\"lazy\" width=\"1024\" height=\"949\" data-id=\"498\"  src=\"http:\/\/avakaryapi.com\/wp-content\/uploads\/9114695021-1024x949.jpg\" alt=\"\" class=\"wp-image-498\" srcset=\"https:\/\/avakaryapi.com\/wp-content\/uploads\/9114695021-1024x949.jpg 1024w, https:\/\/avakaryapi.com\/wp-content\/uploads\/9114695021-300x278.jpg 300w, https:\/\/avakaryapi.com\/wp-content\/uploads\/9114695021-768x712.jpg 768w, https:\/\/avakaryapi.com\/wp-content\/uploads\/9114695021.jpg 1400w\" sizes=\"(max-width: 767px) 89vw, (max-width: 1000px) 54vw, (max-width: 1071px) 543px, 580px\" \/><\/figure>\n\n\n\n<figure class=\"wp-block-image size-large\"><img decoding=\"async\" loading=\"lazy\" width=\"1024\" height=\"949\" data-id=\"499\"  src=\"http:\/\/avakaryapi.com\/wp-content\/uploads\/9280871883-1024x949.jpg\" alt=\"\" class=\"wp-image-499\" srcset=\"https:\/\/avakaryapi.com\/wp-content\/uploads\/9280871883-1024x949.jpg 1024w, https:\/\/avakaryapi.com\/wp-content\/uploads\/9280871883-300x278.jpg 300w, https:\/\/avakaryapi.com\/wp-content\/uploads\/9280871883-768x712.jpg 768w, https:\/\/avakaryapi.com\/wp-content\/uploads\/9280871883.jpg 1400w\" sizes=\"(max-width: 767px) 89vw, (max-width: 1000px) 54vw, (max-width: 1071px) 543px, 580px\" \/><\/figure>\n\n\n\n<figure class=\"wp-block-image size-large\"><img decoding=\"async\" loading=\"lazy\" width=\"1024\" height=\"949\" data-id=\"500\"  src=\"http:\/\/avakaryapi.com\/wp-content\/uploads\/9530644915-1024x949.jpg\" alt=\"\" class=\"wp-image-500\" srcset=\"https:\/\/avakaryapi.com\/wp-content\/uploads\/9530644915-1024x949.jpg 1024w, https:\/\/avakaryapi.com\/wp-content\/uploads\/9530644915-300x278.jpg 300w, https:\/\/avakaryapi.com\/wp-content\/uploads\/9530644915-768x712.jpg 768w, https:\/\/avakaryapi.com\/wp-content\/uploads\/9530644915.jpg 1400w\" sizes=\"(max-width: 767px) 89vw, (max-width: 1000px) 54vw, (max-width: 1071px) 543px, 580px\" \/><\/figure>\n\n\n\n<figure class=\"wp-block-image size-large\"><img decoding=\"async\" loading=\"lazy\" width=\"1024\" height=\"949\" data-id=\"501\"  src=\"http:\/\/avakaryapi.com\/wp-content\/uploads\/9709926014-1024x949.jpg\" alt=\"\" class=\"wp-image-501\" srcset=\"https:\/\/avakaryapi.com\/wp-content\/uploads\/9709926014-1024x949.jpg 1024w, https:\/\/avakaryapi.com\/wp-content\/uploads\/9709926014-300x278.jpg 300w, https:\/\/avakaryapi.com\/wp-content\/uploads\/9709926014-768x712.jpg 768w, https:\/\/avakaryapi.com\/wp-content\/uploads\/9709926014.jpg 1400w\" sizes=\"(max-width: 767px) 89vw, (max-width: 1000px) 54vw, (max-width: 1071px) 543px, 580px\" \/><\/figure>\n<\/figure>\n","protected":false},"excerpt":{"rendered":"<p>Desenli, kabartma desenli, desensiz, fig\u00fcratif ve esnek hatl\u0131 al\u00e7\u0131 kartonpiyer g\u00f6bekleri ve tavan s\u00fcsleme grubu.<\/p>\n","protected":false},"author":1,"featured_media":489,"parent":0,"menu_order":0,"comment_status":"closed","ping_status":"closed","template":"","meta":[],"_links":{"self":[{"href":"https:\/\/avakaryapi.com\/index.php\/wp-json\/wp\/v2\/pages\/181"}],"collection":[{"href":"https:\/\/avakaryapi.com\/index.php\/wp-json\/wp\/v2\/pages"}],"about":[{"href":"https:\/\/avakaryapi.com\/index.php\/wp-json\/wp\/v2\/types\/page"}],"author":[{"embeddable":true,"href":"https:\/\/avakaryapi.com\/index.php\/wp-json\/wp\/v2\/users\/1"}],"replies":[{"embeddable":true,"href":"https:\/\/avakaryapi.com\/index.php\/wp-json\/wp\/v2\/comments?post=181"}],"version-history":[{"count":3,"href":"https:\/\/avakaryapi.com\/index.php\/wp-json\/wp\/v2\/pages\/181\/revisions"}],"predecessor-version":[{"id":502,"href":"https:\/\/avakaryapi.com\/index.php\/wp-json\/wp\/v2\/pages\/181\/revisions\/502"}],"wp:featuredmedia":[{"embeddable":true,"href":"https:\/\/avakaryapi.com\/index.php\/wp-json\/wp\/v2\/media\/489"}],"wp:attachment":[{"href":"https:\/\/avakaryapi.com\/index.php\/wp-json\/wp\/v2\/media?parent=181"}],"curies":[{"name":"wp","href":"https:\/\/api.w.org\/{rel}","templated":true}]}}